{"id":36,"date":"2025-11-05T08:48:54","date_gmt":"2025-11-05T08:48:54","guid":{"rendered":"https:\/\/aura-consulting.com\/?page_id=36"},"modified":"2025-12-15T12:24:37","modified_gmt":"2025-12-15T12:24:37","slug":"quienes-somos","status":"publish","type":"page","link":"https:\/\/aura-consulting.com\/en\/quienes-somos\/","title":{"rendered":"Qui\u00e9nes Somos"},"content":{"rendered":"<div class=\"wp-block-uagb-container uagb-block-c257bd08 alignfull uagb-is-root-container\"><div class=\"uagb-container-inner-blocks-wrap\">\n<div class=\"wp-block-uagb-info-box uagb-block-5c50041a uagb-infobox__content-wrap  uagb-infobox-icon-above-title uagb-infobox-image-valign-top\"><div class=\"uagb-ifb-content\"><div class=\"uagb-ifb-title-wrap\"><h6 class=\"uagb-ifb-title-prefix\">AURA CONSULTING<\/h6><div class=\"uagb-ifb-separator\"><\/div><h1 class=\"uagb-ifb-title\">QUI\u00c9NES SOMOS<\/h1><\/div><\/div><\/div>\n<\/div><\/div>\n\n\n\n<div class=\"wp-block-uagb-container uagb-block-e8699361 alignfull uagb-is-root-container\"><div class=\"uagb-container-inner-blocks-wrap\">\n<div class=\"wp-block-uagb-container uagb-block-466d6313\">\n<div class=\"wp-block-uagb-advanced-heading uagb-block-2e525b29\"><p class=\"uagb-heading-text\">Gesti\u00f3n eficiente, resultados superiores.<\/p><\/div>\n<\/div>\n\n\n\n<div class=\"wp-block-uagb-container uagb-block-bbf4fef5\">\n<div class=\"wp-block-uagb-info-box uagb-block-54c563aa uagb-infobox__content-wrap  uagb-infobox-icon-above-title uagb-infobox-image-valign-top\"><div class=\"uagb-ifb-content\"><div class=\"uagb-ifb-title-wrap\"><h6 class=\"uagb-ifb-title-prefix\"><strong>Historia de Aura Consulting<\/strong><\/h6><div class=\"uagb-ifb-separator\"><\/div><h2 class=\"uagb-ifb-title\">Nuestro Enfoque<\/h2><\/div><p class=\"uagb-ifb-desc\">Fundada con la visi\u00f3n de ofrecer soluciones integrales a empresas y aut\u00f3nomos, Aura Consulting ha crecido combinando experiencia, innovaci\u00f3n y cercan\u00eda. A lo largo de los a\u00f1os, hemos acompa\u00f1ado a cientos de clientes en su crecimiento, consolid\u00e1ndonos como un referente en asesoramiento fiscal, laboral y contable.<\/p><\/div><\/div>\n<\/div>\n<\/div><\/div>\n\n\n\n<div class=\"wp-block-uagb-container uagb-block-0d40ae59 default uagb-is-root-container\">\n<div class=\"wp-block-uagb-advanced-heading uagb-block-d10d0217\"><h4 class=\"uagb-heading-text\">Misi\u00f3n, visi\u00f3n y valores<\/h4><\/div>\n\n\n\n<div class=\"wp-block-uagb-container uagb-layout-grid uagb-block-bfbfd3c6\">\n<div class=\"wp-block-uagb-container uagb-block-54946799\">\n<div class=\"wp-block-uagb-advanced-heading uagb-block-27c97ead\"><h2 class=\"uagb-heading-text\">Misi\u00f3n<\/h2><div class=\"uagb-separator\"><\/div><p class=\"uagb-desc-text\">Ayudar a nuestros clientes a alcanzar sus objetivos empresariales mediante soluciones claras, eficientes y personalizadas.<\/p><\/div>\n<\/div>\n\n\n\n<div class=\"wp-block-uagb-container uagb-block-3843e88c\">\n<div class=\"wp-block-uagb-advanced-heading uagb-block-98ba2a5b\"><h2 class=\"uagb-heading-text\">Visi\u00f3n<\/h2><div class=\"uagb-separator\"><\/div><p class=\"uagb-desc-text\">Ser la consultora de referencia para pymes, startups y empresas consolidadas, ofreciendo un servicio integral que marque la diferencia.<\/p><\/div>\n<\/div>\n\n\n\n<div class=\"wp-block-uagb-container uagb-block-5d7a6200\">\n<div class=\"wp-block-uagb-advanced-heading uagb-block-3cd33ad2\"><h2 class=\"uagb-heading-text\">Valores<\/h2><div class=\"uagb-separator\"><\/div><p class=\"uagb-desc-text\">Compromiso, transparencia, profesionalidad y cercan\u00eda en cada proyecto.<\/p><\/div>\n<\/div>\n<\/div>\n\n\n\n<div class=\"wp-block-uagb-info-box uagb-block-436e94b9 uagb-infobox__content-wrap  uagb-infobox-icon-above-title uagb-infobox-image-valign-top wp-block-uagb-info-box--has-margin\"><div class=\"uagb-infobox-margin-wrapper\"><div class=\"uagb-ifb-content\"><div class=\"uagb-ifb-title-wrap\"><h6 class=\"uagb-ifb-title-prefix\">AURA CONSULTING<\/h6><h2 class=\"uagb-ifb-title\">Filosof\u00eda de trabajo<\/h2><\/div><div class=\"uagb-ifb-separator\"><\/div><p class=\"uagb-ifb-desc\">Creemos en un enfoque cercano y pr\u00e1ctico. Cada cliente es \u00fanico, por eso adaptamos nuestras metodolog\u00edas para ofrecer soluciones reales, efectivas y f\u00e1ciles de implementar, siempre apoy\u00e1ndonos en la innovaci\u00f3n y la mejora continua.<\/p><\/div><\/div><\/div>\n\n\n\n<div class=\"wp-block-uagb-info-box uagb-block-d7c329c1 uagb-infobox__content-wrap  uagb-infobox-icon-above-title uagb-infobox-image-valign-top wp-block-uagb-info-box--has-margin\"><div class=\"uagb-infobox-margin-wrapper\"><div class=\"uagb-ifb-content\"><div class=\"uagb-ifb-title-wrap\"><h2 class=\"uagb-ifb-title\">Compromiso con el cliente<\/h2><\/div><div class=\"uagb-ifb-separator\"><\/div><p class=\"uagb-ifb-desc\">Nuestro compromiso va m\u00e1s all\u00e1 del asesoramiento: acompa\u00f1amos a nuestros clientes en cada paso, garantizando atenci\u00f3n personalizada, respuestas r\u00e1pidas y soluciones adaptadas a sus necesidades, para que puedan centrarse en lo que realmente importa: hacer crecer su negocio.<\/p><\/div><\/div><\/div>\n<\/div>","protected":false},"excerpt":{"rendered":"<p>Gesti\u00f3n eficiente, resultados superiores. Misi\u00f3n, visi\u00f3n y valores Misi\u00f3n Ayudar a nuestros clientes a alcanzar sus objetivos empresariales mediante soluciones [&hellip;]<\/p>\n","protected":false},"author":1,"featured_media":0,"parent":0,"menu_order":0,"comment_status":"closed","ping_status":"closed","template":"","meta":{"_uag_custom_page_level_css":"","site-sidebar-layout":"default","site-content-layout":"","ast-site-content-layout":"default","site-content-style":"default","site-sidebar-style":"default","ast-global-header-display":"","ast-banner-title-visibility":"","ast-main-header-display":"","ast-hfb-above-header-display":"","ast-hfb-below-header-display":"","ast-hfb-mobile-header-display":"","site-post-title":"disabled","ast-breadcrumbs-content":"","ast-featured-img":"","footer-sml-layout":"","ast-disable-related-posts":"","theme-transparent-header-meta":"","adv-header-id-meta":"","stick-header-meta":"","header-above-stick-meta":"","header-main-stick-meta":"","header-below-stick-meta":"","astra-migrate-meta-layouts":"default","ast-page-background-enabled":"default","ast-page-background-meta":{"desktop":{"background-color":"var(--ast-global-color-5)","background-image":"","background-repeat":"repeat","background-position":"center center","background-size":"auto","background-attachment":"scroll","background-type":"","background-media":"","overlay-type":"","overlay-color":"","overlay-opacity":"","overlay-gradient":""},"tablet":{"background-color":"","background-image":"","background-repeat":"repeat","background-position":"center center","background-size":"auto","background-attachment":"scroll","background-type":"","background-media":"","overlay-type":"","overlay-color":"","overlay-opacity":"","overlay-gradient":""},"mobile":{"background-color":"","background-image":"","background-repeat":"repeat","background-position":"center center","background-size":"auto","background-attachment":"scroll","background-type":"","background-media":"","overlay-type":"","overlay-color":"","overlay-opacity":"","overlay-gradient":""}},"ast-content-background-meta":{"desktop":{"background-color":"var(--ast-global-color-4)","background-image":"","background-repeat":"repeat","background-position":"center center","background-size":"auto","background-attachment":"scroll","background-type":"","background-media":"","overlay-type":"","overlay-color":"","overlay-opacity":"","overlay-gradient":""},"tablet":{"background-color":"var(--ast-global-color-4)","background-image":"","background-repeat":"repeat","background-position":"center center","background-size":"auto","background-attachment":"scroll","background-type":"","background-media":"","overlay-type":"","overlay-color":"","overlay-opacity":"","overlay-gradient":""},"mobile":{"background-color":"var(--ast-global-color-4)","background-image":"","background-repeat":"repeat","background-position":"center center","background-size":"auto","background-attachment":"scroll","background-type":"","background-media":"","overlay-type":"","overlay-color":"","overlay-opacity":"","overlay-gradient":""}},"footnotes":""},"class_list":["post-36","page","type-page","status-publish","hentry"],"yoast_head":"<!-- This site is optimized with the Yoast SEO plugin v27.1.1 - https:\/\/yoast.com\/product\/yoast-seo-wordpress\/ -->\n<title>Qui\u00e9nes somos | Aura Consulting<\/title>\n<meta name=\"description\" content=\"Equipo de expertos en asesor\u00eda fiscal, laboral y contable comprometidos con el \u00e9xito de su empresa.\" \/>\n<meta name=\"robots\" content=\"index, follow, max-snippet:-1, max-image-preview:large, max-video-preview:-1\" \/>\n<link rel=\"canonical\" href=\"https:\/\/aura-consulting.com\/en\/quienes-somos\/\" \/>\n<meta property=\"og:locale\" content=\"en_GB\" \/>\n<meta property=\"og:type\" content=\"article\" \/>\n<meta property=\"og:title\" content=\"Qui\u00e9nes somos | Aura Consulting\" \/>\n<meta property=\"og:description\" content=\"Equipo de expertos en asesor\u00eda fiscal, laboral y contable comprometidos con el \u00e9xito de su empresa.\" \/>\n<meta property=\"og:url\" content=\"https:\/\/aura-consulting.com\/en\/quienes-somos\/\" \/>\n<meta property=\"article:modified_time\" content=\"2025-12-15T12:24:37+00:00\" \/>\n<meta name=\"twitter:card\" content=\"summary_large_image\" \/>\n<meta name=\"twitter:label1\" content=\"Estimated reading time\" \/>\n\t<meta name=\"twitter:data1\" content=\"1 minute\" \/>\n<script type=\"application\/ld+json\" class=\"yoast-schema-graph\">{\"@context\":\"https:\/\/schema.org\",\"@graph\":[{\"@type\":\"WebPage\",\"@id\":\"https:\/\/aura-consulting.com\/quienes-somos\/\",\"url\":\"https:\/\/aura-consulting.com\/quienes-somos\/\",\"name\":\"Qui\u00e9nes somos | Aura Consulting\",\"isPartOf\":{\"@id\":\"https:\/\/aura-consulting.com\/#website\"},\"datePublished\":\"2025-11-05T08:48:54+00:00\",\"dateModified\":\"2025-12-15T12:24:37+00:00\",\"description\":\"Equipo de expertos en asesor\u00eda fiscal, laboral y contable comprometidos con el \u00e9xito de su empresa.\",\"breadcrumb\":{\"@id\":\"https:\/\/aura-consulting.com\/quienes-somos\/#breadcrumb\"},\"inLanguage\":\"en-GB\",\"potentialAction\":[{\"@type\":\"ReadAction\",\"target\":[\"https:\/\/aura-consulting.com\/quienes-somos\/\"]}]},{\"@type\":\"BreadcrumbList\",\"@id\":\"https:\/\/aura-consulting.com\/quienes-somos\/#breadcrumb\",\"itemListElement\":[{\"@type\":\"ListItem\",\"position\":1,\"name\":\"Portada\",\"item\":\"https:\/\/aura-consulting.com\/\"},{\"@type\":\"ListItem\",\"position\":2,\"name\":\"Qui\u00e9nes Somos\"}]},{\"@type\":\"WebSite\",\"@id\":\"https:\/\/aura-consulting.com\/#website\",\"url\":\"https:\/\/aura-consulting.com\/\",\"name\":\"https:\/\/aura-consulting.com\/\",\"description\":\"Just another WordPress site\",\"publisher\":{\"@id\":\"https:\/\/aura-consulting.com\/#organization\"},\"potentialAction\":[{\"@type\":\"SearchAction\",\"target\":{\"@type\":\"EntryPoint\",\"urlTemplate\":\"https:\/\/aura-consulting.com\/?s={search_term_string}\"},\"query-input\":{\"@type\":\"PropertyValueSpecification\",\"valueRequired\":true,\"valueName\":\"search_term_string\"}}],\"inLanguage\":\"en-GB\"},{\"@type\":\"Organization\",\"@id\":\"https:\/\/aura-consulting.com\/#organization\",\"name\":\"Aura Consulting\",\"url\":\"https:\/\/aura-consulting.com\/\",\"logo\":{\"@type\":\"ImageObject\",\"inLanguage\":\"en-GB\",\"@id\":\"https:\/\/aura-consulting.com\/#\/schema\/logo\/image\/\",\"url\":\"https:\/\/aura-consulting.com\/wp-content\/uploads\/2025\/12\/cropped-web-Aura-Consulting-6.png\",\"contentUrl\":\"https:\/\/aura-consulting.com\/wp-content\/uploads\/2025\/12\/cropped-web-Aura-Consulting-6.png\",\"width\":1121,\"height\":375,\"caption\":\"Aura Consulting\"},\"image\":{\"@id\":\"https:\/\/aura-consulting.com\/#\/schema\/logo\/image\/\"}}]}<\/script>\n<!-- \/ Yoast SEO plugin. -->","yoast_head_json":{"title":"Qui\u00e9nes somos | Aura Consulting","description":"Equipo de expertos en asesor\u00eda fiscal, laboral y contable comprometidos con el \u00e9xito de su empresa.","robots":{"index":"index","follow":"follow","max-snippet":"max-snippet:-1","max-image-preview":"max-image-preview:large","max-video-preview":"max-video-preview:-1"},"canonical":"https:\/\/aura-consulting.com\/en\/quienes-somos\/","og_locale":"en_GB","og_type":"article","og_title":"Qui\u00e9nes somos | Aura Consulting","og_description":"Equipo de expertos en asesor\u00eda fiscal, laboral y contable comprometidos con el \u00e9xito de su empresa.","og_url":"https:\/\/aura-consulting.com\/en\/quienes-somos\/","article_modified_time":"2025-12-15T12:24:37+00:00","twitter_card":"summary_large_image","twitter_misc":{"Estimated reading time":"1 minute"},"schema":{"@context":"https:\/\/schema.org","@graph":[{"@type":"WebPage","@id":"https:\/\/aura-consulting.com\/quienes-somos\/","url":"https:\/\/aura-consulting.com\/quienes-somos\/","name":"Qui\u00e9nes somos | Aura Consulting","isPartOf":{"@id":"https:\/\/aura-consulting.com\/#website"},"datePublished":"2025-11-05T08:48:54+00:00","dateModified":"2025-12-15T12:24:37+00:00","description":"Equipo de expertos en asesor\u00eda fiscal, laboral y contable comprometidos con el \u00e9xito de su empresa.","breadcrumb":{"@id":"https:\/\/aura-consulting.com\/quienes-somos\/#breadcrumb"},"inLanguage":"en-GB","potentialAction":[{"@type":"ReadAction","target":["https:\/\/aura-consulting.com\/quienes-somos\/"]}]},{"@type":"BreadcrumbList","@id":"https:\/\/aura-consulting.com\/quienes-somos\/#breadcrumb","itemListElement":[{"@type":"ListItem","position":1,"name":"Portada","item":"https:\/\/aura-consulting.com\/"},{"@type":"ListItem","position":2,"name":"Qui\u00e9nes Somos"}]},{"@type":"WebSite","@id":"https:\/\/aura-consulting.com\/#website","url":"https:\/\/aura-consulting.com\/","name":"https:\/\/aura-consulting.com\/","description":"Just another WordPress site","publisher":{"@id":"https:\/\/aura-consulting.com\/#organization"},"potentialAction":[{"@type":"SearchAction","target":{"@type":"EntryPoint","urlTemplate":"https:\/\/aura-consulting.com\/?s={search_term_string}"},"query-input":{"@type":"PropertyValueSpecification","valueRequired":true,"valueName":"search_term_string"}}],"inLanguage":"en-GB"},{"@type":"Organization","@id":"https:\/\/aura-consulting.com\/#organization","name":"Aura Consulting","url":"https:\/\/aura-consulting.com\/","logo":{"@type":"ImageObject","inLanguage":"en-GB","@id":"https:\/\/aura-consulting.com\/#\/schema\/logo\/image\/","url":"https:\/\/aura-consulting.com\/wp-content\/uploads\/2025\/12\/cropped-web-Aura-Consulting-6.png","contentUrl":"https:\/\/aura-consulting.com\/wp-content\/uploads\/2025\/12\/cropped-web-Aura-Consulting-6.png","width":1121,"height":375,"caption":"Aura Consulting"},"image":{"@id":"https:\/\/aura-consulting.com\/#\/schema\/logo\/image\/"}}]}},"uagb_featured_image_src":{"full":false,"thumbnail":false,"medium":false,"medium_large":false,"large":false,"1536x1536":false,"2048x2048":false,"trp-custom-language-flag":false},"uagb_author_info":{"display_name":"aura_pzk8o00d","author_link":"https:\/\/aura-consulting.com\/en\/author\/aura_pzk8o00d\/"},"uagb_comment_info":0,"uagb_excerpt":"Gesti\u00f3n eficiente, resultados superiores. Misi\u00f3n, visi\u00f3n y valores Misi\u00f3n Ayudar a nuestros clientes a alcanzar sus objetivos empresariales mediante soluciones [&hellip;]","_links":{"self":[{"href":"https:\/\/aura-consulting.com\/en\/wp-json\/wp\/v2\/pages\/36","targetHints":{"allow":["GET"]}}],"collection":[{"href":"https:\/\/aura-consulting.com\/en\/wp-json\/wp\/v2\/pages"}],"about":[{"href":"https:\/\/aura-consulting.com\/en\/wp-json\/wp\/v2\/types\/page"}],"author":[{"embeddable":true,"href":"https:\/\/aura-consulting.com\/en\/wp-json\/wp\/v2\/users\/1"}],"replies":[{"embeddable":true,"href":"https:\/\/aura-consulting.com\/en\/wp-json\/wp\/v2\/comments?post=36"}],"version-history":[{"count":9,"href":"https:\/\/aura-consulting.com\/en\/wp-json\/wp\/v2\/pages\/36\/revisions"}],"predecessor-version":[{"id":486,"href":"https:\/\/aura-consulting.com\/en\/wp-json\/wp\/v2\/pages\/36\/revisions\/486"}],"wp:attachment":[{"href":"https:\/\/aura-consulting.com\/en\/wp-json\/wp\/v2\/media?parent=36"}],"curies":[{"name":"wp","href":"https:\/\/api.w.org\/{rel}","templated":true}]}}