{"id":34,"date":"2025-11-05T08:48:30","date_gmt":"2025-11-05T08:48:30","guid":{"rendered":"https:\/\/aura-consulting.com\/?page_id=34"},"modified":"2025-12-15T12:17:23","modified_gmt":"2025-12-15T12:17:23","slug":"empresas-consolidadas","status":"publish","type":"page","link":"https:\/\/aura-consulting.com\/en\/empresas-consolidadas\/","title":{"rendered":"Empresas Consolidadas"},"content":{"rendered":"<div class=\"wp-block-uagb-container uagb-block-17cf7870 alignfull uagb-is-root-container\"><div class=\"uagb-container-inner-blocks-wrap\">\n<div class=\"wp-block-uagb-info-box uagb-block-5c50041a uagb-infobox__content-wrap  uagb-infobox-icon-above-title uagb-infobox-image-valign-top\"><div class=\"uagb-ifb-content\"><div class=\"uagb-ifb-title-wrap\"><h6 class=\"uagb-ifb-title-prefix\">AURA CONSULTING<\/h6><div class=\"uagb-ifb-separator\"><\/div><h1 class=\"uagb-ifb-title\">EMPRESAS CONSOLIDADAS<\/h1><\/div><\/div><\/div>\n<\/div><\/div>\n\n\n\n<div class=\"wp-block-uagb-container uagb-layout-grid uagb-block-605e71a2 alignfull uagb-is-root-container\"><div class=\"uagb-container-inner-blocks-wrap\">\n<div class=\"wp-block-uagb-container uagb-layout-grid uagb-block-11d89f36\">\n<div class=\"wp-block-uagb-container uagb-block-80fd0af1\">\n<div class=\"wp-block-uagb-info-box uagb-block-eb354a9b uagb-infobox__content-wrap  uagb-infobox-icon-left uagb-infobox-left uagb-infobox-image-valign-top\"><div class=\"uagb-ifb-content\"><div class=\"uagb-ifb-title-wrap\"><h2 class=\"uagb-ifb-title\">1. Servicios avanzados<\/h2><\/div><p class=\"uagb-ifb-desc\">Soluciones integrales adaptadas a grandes empresas.<br>Gesti\u00f3n estrat\u00e9gica de recursos y operaciones.<\/p><\/div><\/div>\n<\/div>\n\n\n\n<div class=\"wp-block-uagb-container uagb-block-5cf48490\">\n<div class=\"wp-block-uagb-info-box uagb-block-1c5222dc uagb-infobox__content-wrap  uagb-infobox-icon-left uagb-infobox-left uagb-infobox-image-valign-top\"><div class=\"uagb-ifb-content\"><div class=\"uagb-ifb-title-wrap\"><h2 class=\"uagb-ifb-title\">2. Auditor\u00eda interna<\/h2><\/div><p class=\"uagb-ifb-desc\">Revisi\u00f3n de procesos y controles internos.<br>Detecci\u00f3n de riesgos y oportunidades de mejora.<\/p><\/div><\/div>\n<\/div>\n\n\n\n<div class=\"wp-block-uagb-container uagb-block-bdda8a63\">\n<div class=\"wp-block-uagb-info-box uagb-block-ba6e24e3 uagb-infobox__content-wrap  uagb-infobox-icon-left uagb-infobox-left uagb-infobox-image-valign-top\"><div class=\"uagb-ifb-content\"><div class=\"uagb-ifb-title-wrap\"><h2 class=\"uagb-ifb-title\">3. Planificaci\u00f3n fiscal avanzada<\/h2><\/div><p class=\"uagb-ifb-desc\">Estrategias de optimizaci\u00f3n fiscal a gran escala.<br>Cumplimiento normativo y aprovechamiento de incentivos.<\/p><\/div><\/div>\n<\/div>\n\n\n\n<div class=\"wp-block-uagb-container uagb-layout-grid uagb-block-69a60a2a\">\n<div class=\"wp-block-uagb-info-box uagb-block-582c3ed7 uagb-infobox__content-wrap  uagb-infobox-icon-left uagb-infobox-left uagb-infobox-image-valign-top\"><div class=\"uagb-ifb-content\"><div class=\"uagb-ifb-title-wrap\"><h2 class=\"uagb-ifb-title\">4. Reestructuraciones<\/h2><\/div><p class=\"uagb-ifb-desc\">Reorganizaci\u00f3n societaria y financiera.<br>Fusiones, adquisiciones y cambios estructurales.<\/p><\/div><\/div>\n<\/div>\n\n\n\n<div class=\"wp-block-uagb-container uagb-layout-grid uagb-block-cd9805f8\">\n<div class=\"wp-block-uagb-info-box uagb-block-0b1fa357 uagb-infobox__content-wrap  uagb-infobox-icon-left uagb-infobox-left uagb-infobox-image-valign-top\"><div class=\"uagb-ifb-content\"><div class=\"uagb-ifb-title-wrap\"><h2 class=\"uagb-ifb-title\">5. Optimizaci\u00f3n de procesos<\/h2><\/div><p class=\"uagb-ifb-desc\">Mejora de eficiencia operativa y reducci\u00f3n de costes<br>Automatizaci\u00f3n y digitalizaci\u00f3n de procedimientos.<\/p><\/div><\/div>\n<\/div>\n<\/div>\n<\/div><\/div>","protected":false},"excerpt":{"rendered":"","protected":false},"author":1,"featured_media":0,"parent":0,"menu_order":0,"comment_status":"closed","ping_status":"closed","template":"","meta":{"_uag_custom_page_level_css":"","site-sidebar-layout":"default","site-content-layout":"","ast-site-content-layout":"default","site-content-style":"default","site-sidebar-style":"default","ast-global-header-display":"","ast-banner-title-visibility":"","ast-main-header-display":"","ast-hfb-above-header-display":"","ast-hfb-below-header-display":"","ast-hfb-mobile-header-display":"","site-post-title":"disabled","ast-breadcrumbs-content":"","ast-featured-img":"","footer-sml-layout":"","ast-disable-related-posts":"","theme-transparent-header-meta":"","adv-header-id-meta":"","stick-header-meta":"","header-above-stick-meta":"","header-main-stick-meta":"","header-below-stick-meta":"","astra-migrate-meta-layouts":"default","ast-page-background-enabled":"default","ast-page-background-meta":{"desktop":{"background-color":"var(--ast-global-color-5)","background-image":"","background-repeat":"repeat","background-position":"center center","background-size":"auto","background-attachment":"scroll","background-type":"","background-media":"","overlay-type":"","overlay-color":"","overlay-opacity":"","overlay-gradient":""},"tablet":{"background-color":"","background-image":"","background-repeat":"repeat","background-position":"center center","background-size":"auto","background-attachment":"scroll","background-type":"","background-media":"","overlay-type":"","overlay-color":"","overlay-opacity":"","overlay-gradient":""},"mobile":{"background-color":"","background-image":"","background-repeat":"repeat","background-position":"center center","background-size":"auto","background-attachment":"scroll","background-type":"","background-media":"","overlay-type":"","overlay-color":"","overlay-opacity":"","overlay-gradient":""}},"ast-content-background-meta":{"desktop":{"background-color":"var(--ast-global-color-4)","background-image":"","background-repeat":"repeat","background-position":"center center","background-size":"auto","background-attachment":"scroll","background-type":"","background-media":"","overlay-type":"","overlay-color":"","overlay-opacity":"","overlay-gradient":""},"tablet":{"background-color":"var(--ast-global-color-4)","background-image":"","background-repeat":"repeat","background-position":"center center","background-size":"auto","background-attachment":"scroll","background-type":"","background-media":"","overlay-type":"","overlay-color":"","overlay-opacity":"","overlay-gradient":""},"mobile":{"background-color":"var(--ast-global-color-4)","background-image":"","background-repeat":"repeat","background-position":"center center","background-size":"auto","background-attachment":"scroll","background-type":"","background-media":"","overlay-type":"","overlay-color":"","overlay-opacity":"","overlay-gradient":""}},"footnotes":""},"class_list":["post-34","page","type-page","status-publish","hentry"],"yoast_head":"<!-- This site is optimized with the Yoast SEO plugin v27.1.1 - https:\/\/yoast.com\/product\/yoast-seo-wordpress\/ -->\n<title>Empresas Consolidadas | Aura Consulting<\/title>\n<meta name=\"description\" content=\"Asesor\u00eda integral para empresas consolidadas: fiscalidad, contabilidad y gesti\u00f3n estrat\u00e9gica.\" \/>\n<meta name=\"robots\" content=\"index, follow, max-snippet:-1, max-image-preview:large, max-video-preview:-1\" \/>\n<link rel=\"canonical\" href=\"https:\/\/aura-consulting.com\/en\/empresas-consolidadas\/\" \/>\n<meta property=\"og:locale\" content=\"en_GB\" \/>\n<meta property=\"og:type\" content=\"article\" \/>\n<meta property=\"og:title\" content=\"Empresas Consolidadas | Aura Consulting\" \/>\n<meta property=\"og:description\" content=\"Asesor\u00eda integral para empresas consolidadas: fiscalidad, contabilidad y gesti\u00f3n estrat\u00e9gica.\" \/>\n<meta property=\"og:url\" content=\"https:\/\/aura-consulting.com\/en\/empresas-consolidadas\/\" \/>\n<meta property=\"article:modified_time\" content=\"2025-12-15T12:17:23+00:00\" \/>\n<meta name=\"twitter:card\" content=\"summary_large_image\" \/>\n<meta name=\"twitter:label1\" content=\"Estimated reading time\" \/>\n\t<meta name=\"twitter:data1\" content=\"1 minute\" \/>\n<script type=\"application\/ld+json\" class=\"yoast-schema-graph\">{\"@context\":\"https:\/\/schema.org\",\"@graph\":[{\"@type\":\"WebPage\",\"@id\":\"https:\/\/aura-consulting.com\/empresas-consolidadas\/\",\"url\":\"https:\/\/aura-consulting.com\/empresas-consolidadas\/\",\"name\":\"Empresas Consolidadas | Aura Consulting\",\"isPartOf\":{\"@id\":\"https:\/\/aura-consulting.com\/#website\"},\"datePublished\":\"2025-11-05T08:48:30+00:00\",\"dateModified\":\"2025-12-15T12:17:23+00:00\",\"description\":\"Asesor\u00eda integral para empresas consolidadas: fiscalidad, contabilidad y gesti\u00f3n estrat\u00e9gica.\",\"breadcrumb\":{\"@id\":\"https:\/\/aura-consulting.com\/empresas-consolidadas\/#breadcrumb\"},\"inLanguage\":\"en-GB\",\"potentialAction\":[{\"@type\":\"ReadAction\",\"target\":[\"https:\/\/aura-consulting.com\/empresas-consolidadas\/\"]}]},{\"@type\":\"BreadcrumbList\",\"@id\":\"https:\/\/aura-consulting.com\/empresas-consolidadas\/#breadcrumb\",\"itemListElement\":[{\"@type\":\"ListItem\",\"position\":1,\"name\":\"Portada\",\"item\":\"https:\/\/aura-consulting.com\/\"},{\"@type\":\"ListItem\",\"position\":2,\"name\":\"Empresas Consolidadas\"}]},{\"@type\":\"WebSite\",\"@id\":\"https:\/\/aura-consulting.com\/#website\",\"url\":\"https:\/\/aura-consulting.com\/\",\"name\":\"https:\/\/aura-consulting.com\/\",\"description\":\"Just another WordPress site\",\"publisher\":{\"@id\":\"https:\/\/aura-consulting.com\/#organization\"},\"potentialAction\":[{\"@type\":\"SearchAction\",\"target\":{\"@type\":\"EntryPoint\",\"urlTemplate\":\"https:\/\/aura-consulting.com\/?s={search_term_string}\"},\"query-input\":{\"@type\":\"PropertyValueSpecification\",\"valueRequired\":true,\"valueName\":\"search_term_string\"}}],\"inLanguage\":\"en-GB\"},{\"@type\":\"Organization\",\"@id\":\"https:\/\/aura-consulting.com\/#organization\",\"name\":\"Aura Consulting\",\"url\":\"https:\/\/aura-consulting.com\/\",\"logo\":{\"@type\":\"ImageObject\",\"inLanguage\":\"en-GB\",\"@id\":\"https:\/\/aura-consulting.com\/#\/schema\/logo\/image\/\",\"url\":\"https:\/\/aura-consulting.com\/wp-content\/uploads\/2025\/12\/cropped-web-Aura-Consulting-6.png\",\"contentUrl\":\"https:\/\/aura-consulting.com\/wp-content\/uploads\/2025\/12\/cropped-web-Aura-Consulting-6.png\",\"width\":1121,\"height\":375,\"caption\":\"Aura Consulting\"},\"image\":{\"@id\":\"https:\/\/aura-consulting.com\/#\/schema\/logo\/image\/\"}}]}<\/script>\n<!-- \/ Yoast SEO plugin. -->","yoast_head_json":{"title":"Empresas Consolidadas | Aura Consulting","description":"Asesor\u00eda integral para empresas consolidadas: fiscalidad, contabilidad y gesti\u00f3n estrat\u00e9gica.","robots":{"index":"index","follow":"follow","max-snippet":"max-snippet:-1","max-image-preview":"max-image-preview:large","max-video-preview":"max-video-preview:-1"},"canonical":"https:\/\/aura-consulting.com\/en\/empresas-consolidadas\/","og_locale":"en_GB","og_type":"article","og_title":"Empresas Consolidadas | Aura Consulting","og_description":"Asesor\u00eda integral para empresas consolidadas: fiscalidad, contabilidad y gesti\u00f3n estrat\u00e9gica.","og_url":"https:\/\/aura-consulting.com\/en\/empresas-consolidadas\/","article_modified_time":"2025-12-15T12:17:23+00:00","twitter_card":"summary_large_image","twitter_misc":{"Estimated reading time":"1 minute"},"schema":{"@context":"https:\/\/schema.org","@graph":[{"@type":"WebPage","@id":"https:\/\/aura-consulting.com\/empresas-consolidadas\/","url":"https:\/\/aura-consulting.com\/empresas-consolidadas\/","name":"Empresas Consolidadas | Aura Consulting","isPartOf":{"@id":"https:\/\/aura-consulting.com\/#website"},"datePublished":"2025-11-05T08:48:30+00:00","dateModified":"2025-12-15T12:17:23+00:00","description":"Asesor\u00eda integral para empresas consolidadas: fiscalidad, contabilidad y gesti\u00f3n estrat\u00e9gica.","breadcrumb":{"@id":"https:\/\/aura-consulting.com\/empresas-consolidadas\/#breadcrumb"},"inLanguage":"en-GB","potentialAction":[{"@type":"ReadAction","target":["https:\/\/aura-consulting.com\/empresas-consolidadas\/"]}]},{"@type":"BreadcrumbList","@id":"https:\/\/aura-consulting.com\/empresas-consolidadas\/#breadcrumb","itemListElement":[{"@type":"ListItem","position":1,"name":"Portada","item":"https:\/\/aura-consulting.com\/"},{"@type":"ListItem","position":2,"name":"Empresas Consolidadas"}]},{"@type":"WebSite","@id":"https:\/\/aura-consulting.com\/#website","url":"https:\/\/aura-consulting.com\/","name":"https:\/\/aura-consulting.com\/","description":"Just another WordPress site","publisher":{"@id":"https:\/\/aura-consulting.com\/#organization"},"potentialAction":[{"@type":"SearchAction","target":{"@type":"EntryPoint","urlTemplate":"https:\/\/aura-consulting.com\/?s={search_term_string}"},"query-input":{"@type":"PropertyValueSpecification","valueRequired":true,"valueName":"search_term_string"}}],"inLanguage":"en-GB"},{"@type":"Organization","@id":"https:\/\/aura-consulting.com\/#organization","name":"Aura Consulting","url":"https:\/\/aura-consulting.com\/","logo":{"@type":"ImageObject","inLanguage":"en-GB","@id":"https:\/\/aura-consulting.com\/#\/schema\/logo\/image\/","url":"https:\/\/aura-consulting.com\/wp-content\/uploads\/2025\/12\/cropped-web-Aura-Consulting-6.png","contentUrl":"https:\/\/aura-consulting.com\/wp-content\/uploads\/2025\/12\/cropped-web-Aura-Consulting-6.png","width":1121,"height":375,"caption":"Aura Consulting"},"image":{"@id":"https:\/\/aura-consulting.com\/#\/schema\/logo\/image\/"}}]}},"uagb_featured_image_src":{"full":false,"thumbnail":false,"medium":false,"medium_large":false,"large":false,"1536x1536":false,"2048x2048":false,"trp-custom-language-flag":false},"uagb_author_info":{"display_name":"aura_pzk8o00d","author_link":"https:\/\/aura-consulting.com\/en\/author\/aura_pzk8o00d\/"},"uagb_comment_info":0,"uagb_excerpt":null,"_links":{"self":[{"href":"https:\/\/aura-consulting.com\/en\/wp-json\/wp\/v2\/pages\/34","targetHints":{"allow":["GET"]}}],"collection":[{"href":"https:\/\/aura-consulting.com\/en\/wp-json\/wp\/v2\/pages"}],"about":[{"href":"https:\/\/aura-consulting.com\/en\/wp-json\/wp\/v2\/types\/page"}],"author":[{"embeddable":true,"href":"https:\/\/aura-consulting.com\/en\/wp-json\/wp\/v2\/users\/1"}],"replies":[{"embeddable":true,"href":"https:\/\/aura-consulting.com\/en\/wp-json\/wp\/v2\/comments?post=34"}],"version-history":[{"count":4,"href":"https:\/\/aura-consulting.com\/en\/wp-json\/wp\/v2\/pages\/34\/revisions"}],"predecessor-version":[{"id":477,"href":"https:\/\/aura-consulting.com\/en\/wp-json\/wp\/v2\/pages\/34\/revisions\/477"}],"wp:attachment":[{"href":"https:\/\/aura-consulting.com\/en\/wp-json\/wp\/v2\/media?parent=34"}],"curies":[{"name":"wp","href":"https:\/\/api.w.org\/{rel}","templated":true}]}}