{"id":27,"date":"2025-11-05T08:47:07","date_gmt":"2025-11-05T08:47:07","guid":{"rendered":"https:\/\/aura-consulting.com\/?page_id=27"},"modified":"2025-12-15T12:23:22","modified_gmt":"2025-12-15T12:23:22","slug":"pymes","status":"publish","type":"page","link":"https:\/\/aura-consulting.com\/en\/pymes\/","title":{"rendered":"Pymes"},"content":{"rendered":"<div class=\"wp-block-uagb-container uagb-block-17cf7870 alignfull uagb-is-root-container\"><div class=\"uagb-container-inner-blocks-wrap\">\n<div class=\"wp-block-uagb-info-box uagb-block-5c50041a uagb-infobox__content-wrap  uagb-infobox-icon-above-title uagb-infobox-image-valign-top\"><div class=\"uagb-ifb-content\"><div class=\"uagb-ifb-title-wrap\"><h6 class=\"uagb-ifb-title-prefix\">AURA CONSULTING<\/h6><div class=\"uagb-ifb-separator\"><\/div><h1 class=\"uagb-ifb-title\">PYMES<\/h1><\/div><\/div><\/div>\n<\/div><\/div>\n\n\n\n<div class=\"wp-block-uagb-container uagb-layout-flex uagb-block-605e71a2 alignfull uagb-is-root-container\"><div class=\"uagb-container-inner-blocks-wrap\">\n<div class=\"wp-block-uagb-container uagb-layout-grid uagb-block-11d89f36\">\n<div class=\"wp-block-uagb-container uagb-block-80fd0af1\">\n<div class=\"wp-block-uagb-info-box uagb-block-eb354a9b uagb-infobox__content-wrap  uagb-infobox-icon-left uagb-infobox-left uagb-infobox-image-valign-top\"><div class=\"uagb-ifb-icon-wrap\"><svg xmlns=\"https:\/\/www.w3.org\/2000\/svg\" viewbox=\"0 0 640 512\"><path d=\"M15.03 15.03C24.4 5.657 39.6 5.657 48.97 15.03L112 78.06V40C112 26.75 122.7 15.1 136 15.1C149.3 15.1 160 26.75 160 40V136C160 149.3 149.3 160 136 160H40C26.75 160 15.1 149.3 15.1 136C15.1 122.7 26.75 112 40 112H78.06L15.03 48.97C5.657 39.6 5.657 24.4 15.03 15.03V15.03zM133.5 243.9C158.6 193.6 222.7 112 320 112C417.3 112 481.4 193.6 506.5 243.9C510.3 251.6 510.3 260.4 506.5 268.1C481.4 318.4 417.3 400 320 400C222.7 400 158.6 318.4 133.5 268.1C129.7 260.4 129.7 251.6 133.5 243.9V243.9zM320 320C355.3 320 384 291.3 384 256C384 220.7 355.3 192 320 192C284.7 192 256 220.7 256 256C256 291.3 284.7 320 320 320zM591 15.03C600.4 5.657 615.6 5.657 624.1 15.03C634.3 24.4 634.3 39.6 624.1 48.97L561.9 112H600C613.3 112 624 122.7 624 136C624 149.3 613.3 160 600 160H504C490.7 160 480 149.3 480 136V40C480 26.75 490.7 15.1 504 15.1C517.3 15.1 528 26.75 528 40V78.06L591 15.03zM15.03 463L78.06 400H40C26.75 400 15.1 389.3 15.1 376C15.1 362.7 26.75 352 40 352H136C149.3 352 160 362.7 160 376V472C160 485.3 149.3 496 136 496C122.7 496 112 485.3 112 472V433.9L48.97 496.1C39.6 506.3 24.4 506.3 15.03 496.1C5.657 487.6 5.657 472.4 15.03 463V463zM528 433.9V472C528 485.3 517.3 496 504 496C490.7 496 480 485.3 480 472V376C480 362.7 490.7 352 504 352H600C613.3 352 624 362.7 624 376C624 389.3 613.3 400 600 400H561.9L624.1 463C634.3 472.4 634.3 487.6 624.1 496.1C615.6 506.3 600.4 506.3 591 496.1L528 433.9z\"><\/path><\/svg><\/div><div class=\"uagb-ifb-content\"><div class=\"uagb-ifb-title-wrap\"><h2 class=\"uagb-ifb-title\">Servicios integrales para pymes<\/h2><\/div><p class=\"uagb-ifb-desc\">Soluciones globales adaptadas a peque\u00f1as y medianas empresas.<br><br><br><\/p><\/div><\/div>\n<\/div>\n\n\n\n<div class=\"wp-block-uagb-container uagb-block-5cf48490\">\n<div class=\"wp-block-uagb-info-box uagb-block-1c5222dc uagb-infobox__content-wrap  uagb-infobox-icon-left uagb-infobox-left uagb-infobox-image-valign-top\"><div class=\"uagb-ifb-icon-wrap\"><svg xmlns=\"https:\/\/www.w3.org\/2000\/svg\" viewbox=\"0 0 384 512\"><path d=\"M256 0v128h128L256 0zM224 128L224 0H48C21.49 0 0 21.49 0 48v416C0 490.5 21.49 512 48 512h288c26.51 0 48-21.49 48-48V160h-127.1C238.3 160 224 145.7 224 128zM272 416h-160C103.2 416 96 408.8 96 400C96 391.2 103.2 384 112 384h160c8.836 0 16 7.162 16 16C288 408.8 280.8 416 272 416zM272 352h-160C103.2 352 96 344.8 96 336C96 327.2 103.2 320 112 320h160c8.836 0 16 7.162 16 16C288 344.8 280.8 352 272 352zM288 272C288 280.8 280.8 288 272 288h-160C103.2 288 96 280.8 96 272C96 263.2 103.2 256 112 256h160C280.8 256 288 263.2 288 272z\"><\/path><\/svg><\/div><div class=\"uagb-ifb-content\"><div class=\"uagb-ifb-title-wrap\"><h2 class=\"uagb-ifb-title\">Asesoramiento fiscal + laboral + contable<\/h2><\/div><p class=\"uagb-ifb-desc\">Planificaci\u00f3n fiscal.<br>Cumplimiento normativo laboral.<br>Gesti\u00f3n contable y financiera.<\/p><\/div><\/div>\n<\/div>\n\n\n\n<div class=\"wp-block-uagb-container uagb-block-bdda8a63\">\n<div class=\"wp-block-uagb-info-box uagb-block-ba6e24e3 uagb-infobox__content-wrap  uagb-infobox-icon-left uagb-infobox-left uagb-infobox-image-valign-top\"><div class=\"uagb-ifb-icon-wrap\"><svg xmlns=\"https:\/\/www.w3.org\/2000\/svg\" viewbox=\"0 0 640 512\"><path d=\"M224 256c70.7 0 128-57.31 128-128S294.7 0 224 0C153.3 0 96 57.31 96 128S153.3 256 224 256zM274.7 304H173.3c-95.73 0-173.3 77.6-173.3 173.3C0 496.5 15.52 512 34.66 512H413.3C432.5 512 448 496.5 448 477.3C448 381.6 370.4 304 274.7 304zM479.1 320h-73.85C451.2 357.7 480 414.1 480 477.3C480 490.1 476.2 501.9 470 512h138C625.7 512 640 497.6 640 479.1C640 391.6 568.4 320 479.1 320zM432 256C493.9 256 544 205.9 544 144S493.9 32 432 32c-25.11 0-48.04 8.555-66.72 22.51C376.8 76.63 384 101.4 384 128c0 35.52-11.93 68.14-31.59 94.71C372.7 243.2 400.8 256 432 256z\"><\/path><\/svg><\/div><div class=\"uagb-ifb-content\"><div class=\"uagb-ifb-title-wrap\"><h2 class=\"uagb-ifb-title\">Gesti\u00f3n de empleados<\/h2><\/div><p class=\"uagb-ifb-desc\">Contrataci\u00f3n y n\u00f3minas.<br>Seguridad Social y beneficios.<br>Formaci\u00f3n y desarrollo<\/p><\/div><\/div>\n<\/div>\n\n\n\n<div class=\"wp-block-uagb-container uagb-block-69a60a2a\">\n<div class=\"wp-block-uagb-info-box uagb-block-582c3ed7 uagb-infobox__content-wrap  uagb-infobox-icon-left uagb-infobox-left uagb-infobox-image-valign-top\"><div class=\"uagb-ifb-icon-wrap\"><svg xmlns=\"https:\/\/www.w3.org\/2000\/svg\" viewbox=\"0 0 512 512\"><path d=\"M243.4 2.587C251.4-.8625 260.6-.8625 268.6 2.587L492.6 98.59C506.6 104.6 514.4 119.6 511.3 134.4C508.3 149.3 495.2 159.1 479.1 160V168C479.1 181.3 469.3 192 455.1 192H55.1C42.74 192 31.1 181.3 31.1 168V160C16.81 159.1 3.708 149.3 .6528 134.4C-2.402 119.6 5.429 104.6 19.39 98.59L243.4 2.587zM256 128C273.7 128 288 113.7 288 96C288 78.33 273.7 64 256 64C238.3 64 224 78.33 224 96C224 113.7 238.3 128 256 128zM127.1 416H167.1V224H231.1V416H280V224H344V416H384V224H448V420.3C448.6 420.6 449.2 420.1 449.8 421.4L497.8 453.4C509.5 461.2 514.7 475.8 510.6 489.3C506.5 502.8 494.1 512 480 512H31.1C17.9 512 5.458 502.8 1.372 489.3C-2.715 475.8 2.515 461.2 14.25 453.4L62.25 421.4C62.82 420.1 63.41 420.6 63.1 420.3V224H127.1V416z\"><\/path><\/svg><\/div><div class=\"uagb-ifb-content\"><div class=\"uagb-ifb-title-wrap\"><h2 class=\"uagb-ifb-title\">Optimizaci\u00f3n fiscal<\/h2><\/div><p class=\"uagb-ifb-desc\">Reducci\u00f3n de cargas fiscales dentro de la legalidad.<br>Deducciones y beneficios fiscales aplicables<\/p><\/div><\/div>\n<\/div>\n<\/div>\n\n\n\n<div class=\"wp-block-uagb-container uagb-block-4d2d78ab\">\n<div class=\"wp-block-uagb-info-box uagb-block-a6d72d53 uagb-infobox__content-wrap  uagb-infobox-icon-left uagb-infobox-left uagb-infobox-image-valign-top\"><div class=\"uagb-ifb-icon-wrap\"><svg xmlns=\"https:\/\/www.w3.org\/2000\/svg\" viewbox=\"0 0 384 512\"><path d=\"M336 0h-288C22.38 0 0 22.38 0 48v416C0 489.6 22.38 512 48 512h288c25.62 0 48-22.38 48-48v-416C384 22.38 361.6 0 336 0zM64 208C64 199.2 71.2 192 80 192h32C120.8 192 128 199.2 128 208v32C128 248.8 120.8 256 112 256h-32C71.2 256 64 248.8 64 240V208zM64 304C64 295.2 71.2 288 80 288h32C120.8 288 128 295.2 128 304v32C128 344.8 120.8 352 112 352h-32C71.2 352 64 344.8 64 336V304zM224 432c0 8.801-7.199 16-16 16h-128C71.2 448 64 440.8 64 432v-32C64 391.2 71.2 384 80 384h128c8.801 0 16 7.199 16 16V432zM224 336c0 8.801-7.199 16-16 16h-32C167.2 352 160 344.8 160 336v-32C160 295.2 167.2 288 176 288h32C216.8 288 224 295.2 224 304V336zM224 240C224 248.8 216.8 256 208 256h-32C167.2 256 160 248.8 160 240v-32C160 199.2 167.2 192 176 192h32C216.8 192 224 199.2 224 208V240zM320 432c0 8.801-7.199 16-16 16h-32c-8.799 0-16-7.199-16-16v-32c0-8.801 7.201-16 16-16h32c8.801 0 16 7.199 16 16V432zM320 336c0 8.801-7.199 16-16 16h-32c-8.799 0-16-7.199-16-16v-32C256 295.2 263.2 288 272 288h32C312.8 288 320 295.2 320 304V336zM320 240C320 248.8 312.8 256 304 256h-32C263.2 256 256 248.8 256 240v-32C256 199.2 263.2 192 272 192h32C312.8 192 320 199.2 320 208V240zM320 144C320 152.8 312.8 160 304 160h-224C71.2 160 64 152.8 64 144v-64C64 71.2 71.2 64 80 64h224C312.8 64 320 71.2 320 80V144z\"><\/path><\/svg><\/div><div class=\"uagb-ifb-content\"><div class=\"uagb-ifb-title-wrap\"><h2 class=\"uagb-ifb-title\">Contabilidad completa<\/h2><\/div><p class=\"uagb-ifb-desc\">Registro de operaciones<br>Elaboraci\u00f3n de libros contables.<br>Preparaci\u00f3n de cuentas anuales y balances.<\/p><\/div><\/div>\n<\/div>\n<\/div><\/div>","protected":false},"excerpt":{"rendered":"","protected":false},"author":1,"featured_media":0,"parent":0,"menu_order":0,"comment_status":"closed","ping_status":"closed","template":"","meta":{"_uag_custom_page_level_css":"","site-sidebar-layout":"default","site-content-layout":"","ast-site-content-layout":"default","site-content-style":"default","site-sidebar-style":"default","ast-global-header-display":"","ast-banner-title-visibility":"","ast-main-header-display":"","ast-hfb-above-header-display":"","ast-hfb-below-header-display":"","ast-hfb-mobile-header-display":"","site-post-title":"disabled","ast-breadcrumbs-content":"","ast-featured-img":"","footer-sml-layout":"","ast-disable-related-posts":"","theme-transparent-header-meta":"","adv-header-id-meta":"","stick-header-meta":"","header-above-stick-meta":"","header-main-stick-meta":"","header-below-stick-meta":"","astra-migrate-meta-layouts":"default","ast-page-background-enabled":"default","ast-page-background-meta":{"desktop":{"background-color":"var(--ast-global-color-5)","background-image":"","background-repeat":"repeat","background-position":"center center","background-size":"auto","background-attachment":"scroll","background-type":"","background-media":"","overlay-type":"","overlay-color":"","overlay-opacity":"","overlay-gradient":""},"tablet":{"background-color":"","background-image":"","background-repeat":"repeat","background-position":"center center","background-size":"auto","background-attachment":"scroll","background-type":"","background-media":"","overlay-type":"","overlay-color":"","overlay-opacity":"","overlay-gradient":""},"mobile":{"background-color":"","background-image":"","background-repeat":"repeat","background-position":"center center","background-size":"auto","background-attachment":"scroll","background-type":"","background-media":"","overlay-type":"","overlay-color":"","overlay-opacity":"","overlay-gradient":""}},"ast-content-background-meta":{"desktop":{"background-color":"var(--ast-global-color-4)","background-image":"","background-repeat":"repeat","background-position":"center center","background-size":"auto","background-attachment":"scroll","background-type":"","background-media":"","overlay-type":"","overlay-color":"","overlay-opacity":"","overlay-gradient":""},"tablet":{"background-color":"var(--ast-global-color-4)","background-image":"","background-repeat":"repeat","background-position":"center center","background-size":"auto","background-attachment":"scroll","background-type":"","background-media":"","overlay-type":"","overlay-color":"","overlay-opacity":"","overlay-gradient":""},"mobile":{"background-color":"var(--ast-global-color-4)","background-image":"","background-repeat":"repeat","background-position":"center center","background-size":"auto","background-attachment":"scroll","background-type":"","background-media":"","overlay-type":"","overlay-color":"","overlay-opacity":"","overlay-gradient":""}},"footnotes":""},"class_list":["post-27","page","type-page","status-publish","hentry"],"yoast_head":"<!-- This site is optimized with the Yoast SEO plugin v27.1.1 - https:\/\/yoast.com\/product\/yoast-seo-wordpress\/ -->\n<title>Pymes | Aura Consulting<\/title>\n<meta name=\"description\" content=\"Asesor\u00eda integral para pymes: gesti\u00f3n fiscal, contable y laboral adaptada a sus necesidades.\" \/>\n<meta name=\"robots\" content=\"index, follow, max-snippet:-1, max-image-preview:large, max-video-preview:-1\" \/>\n<link rel=\"canonical\" href=\"https:\/\/aura-consulting.com\/en\/pymes\/\" \/>\n<meta property=\"og:locale\" content=\"en_GB\" \/>\n<meta property=\"og:type\" content=\"article\" \/>\n<meta property=\"og:title\" content=\"Pymes | Aura Consulting\" \/>\n<meta property=\"og:description\" content=\"Asesor\u00eda integral para pymes: gesti\u00f3n fiscal, contable y laboral adaptada a sus necesidades.\" \/>\n<meta property=\"og:url\" content=\"https:\/\/aura-consulting.com\/en\/pymes\/\" \/>\n<meta property=\"article:modified_time\" content=\"2025-12-15T12:23:22+00:00\" \/>\n<meta name=\"twitter:card\" content=\"summary_large_image\" \/>\n<meta name=\"twitter:label1\" content=\"Estimated reading time\" \/>\n\t<meta name=\"twitter:data1\" content=\"1 minute\" \/>\n<script type=\"application\/ld+json\" class=\"yoast-schema-graph\">{\"@context\":\"https:\/\/schema.org\",\"@graph\":[{\"@type\":\"WebPage\",\"@id\":\"https:\/\/aura-consulting.com\/pymes\/\",\"url\":\"https:\/\/aura-consulting.com\/pymes\/\",\"name\":\"Pymes | Aura Consulting\",\"isPartOf\":{\"@id\":\"https:\/\/aura-consulting.com\/#website\"},\"datePublished\":\"2025-11-05T08:47:07+00:00\",\"dateModified\":\"2025-12-15T12:23:22+00:00\",\"description\":\"Asesor\u00eda integral para pymes: gesti\u00f3n fiscal, contable y laboral adaptada a sus necesidades.\",\"breadcrumb\":{\"@id\":\"https:\/\/aura-consulting.com\/pymes\/#breadcrumb\"},\"inLanguage\":\"en-GB\",\"potentialAction\":[{\"@type\":\"ReadAction\",\"target\":[\"https:\/\/aura-consulting.com\/pymes\/\"]}]},{\"@type\":\"BreadcrumbList\",\"@id\":\"https:\/\/aura-consulting.com\/pymes\/#breadcrumb\",\"itemListElement\":[{\"@type\":\"ListItem\",\"position\":1,\"name\":\"Portada\",\"item\":\"https:\/\/aura-consulting.com\/\"},{\"@type\":\"ListItem\",\"position\":2,\"name\":\"Pymes\"}]},{\"@type\":\"WebSite\",\"@id\":\"https:\/\/aura-consulting.com\/#website\",\"url\":\"https:\/\/aura-consulting.com\/\",\"name\":\"https:\/\/aura-consulting.com\/\",\"description\":\"Just another WordPress site\",\"publisher\":{\"@id\":\"https:\/\/aura-consulting.com\/#organization\"},\"potentialAction\":[{\"@type\":\"SearchAction\",\"target\":{\"@type\":\"EntryPoint\",\"urlTemplate\":\"https:\/\/aura-consulting.com\/?s={search_term_string}\"},\"query-input\":{\"@type\":\"PropertyValueSpecification\",\"valueRequired\":true,\"valueName\":\"search_term_string\"}}],\"inLanguage\":\"en-GB\"},{\"@type\":\"Organization\",\"@id\":\"https:\/\/aura-consulting.com\/#organization\",\"name\":\"Aura Consulting\",\"url\":\"https:\/\/aura-consulting.com\/\",\"logo\":{\"@type\":\"ImageObject\",\"inLanguage\":\"en-GB\",\"@id\":\"https:\/\/aura-consulting.com\/#\/schema\/logo\/image\/\",\"url\":\"https:\/\/aura-consulting.com\/wp-content\/uploads\/2025\/12\/cropped-web-Aura-Consulting-6.png\",\"contentUrl\":\"https:\/\/aura-consulting.com\/wp-content\/uploads\/2025\/12\/cropped-web-Aura-Consulting-6.png\",\"width\":1121,\"height\":375,\"caption\":\"Aura Consulting\"},\"image\":{\"@id\":\"https:\/\/aura-consulting.com\/#\/schema\/logo\/image\/\"}}]}<\/script>\n<!-- \/ Yoast SEO plugin. -->","yoast_head_json":{"title":"Pymes | Aura Consulting","description":"Asesor\u00eda integral para pymes: gesti\u00f3n fiscal, contable y laboral adaptada a sus necesidades.","robots":{"index":"index","follow":"follow","max-snippet":"max-snippet:-1","max-image-preview":"max-image-preview:large","max-video-preview":"max-video-preview:-1"},"canonical":"https:\/\/aura-consulting.com\/en\/pymes\/","og_locale":"en_GB","og_type":"article","og_title":"Pymes | Aura Consulting","og_description":"Asesor\u00eda integral para pymes: gesti\u00f3n fiscal, contable y laboral adaptada a sus necesidades.","og_url":"https:\/\/aura-consulting.com\/en\/pymes\/","article_modified_time":"2025-12-15T12:23:22+00:00","twitter_card":"summary_large_image","twitter_misc":{"Estimated reading time":"1 minute"},"schema":{"@context":"https:\/\/schema.org","@graph":[{"@type":"WebPage","@id":"https:\/\/aura-consulting.com\/pymes\/","url":"https:\/\/aura-consulting.com\/pymes\/","name":"Pymes | Aura Consulting","isPartOf":{"@id":"https:\/\/aura-consulting.com\/#website"},"datePublished":"2025-11-05T08:47:07+00:00","dateModified":"2025-12-15T12:23:22+00:00","description":"Asesor\u00eda integral para pymes: gesti\u00f3n fiscal, contable y laboral adaptada a sus necesidades.","breadcrumb":{"@id":"https:\/\/aura-consulting.com\/pymes\/#breadcrumb"},"inLanguage":"en-GB","potentialAction":[{"@type":"ReadAction","target":["https:\/\/aura-consulting.com\/pymes\/"]}]},{"@type":"BreadcrumbList","@id":"https:\/\/aura-consulting.com\/pymes\/#breadcrumb","itemListElement":[{"@type":"ListItem","position":1,"name":"Portada","item":"https:\/\/aura-consulting.com\/"},{"@type":"ListItem","position":2,"name":"Pymes"}]},{"@type":"WebSite","@id":"https:\/\/aura-consulting.com\/#website","url":"https:\/\/aura-consulting.com\/","name":"https:\/\/aura-consulting.com\/","description":"Just another WordPress site","publisher":{"@id":"https:\/\/aura-consulting.com\/#organization"},"potentialAction":[{"@type":"SearchAction","target":{"@type":"EntryPoint","urlTemplate":"https:\/\/aura-consulting.com\/?s={search_term_string}"},"query-input":{"@type":"PropertyValueSpecification","valueRequired":true,"valueName":"search_term_string"}}],"inLanguage":"en-GB"},{"@type":"Organization","@id":"https:\/\/aura-consulting.com\/#organization","name":"Aura Consulting","url":"https:\/\/aura-consulting.com\/","logo":{"@type":"ImageObject","inLanguage":"en-GB","@id":"https:\/\/aura-consulting.com\/#\/schema\/logo\/image\/","url":"https:\/\/aura-consulting.com\/wp-content\/uploads\/2025\/12\/cropped-web-Aura-Consulting-6.png","contentUrl":"https:\/\/aura-consulting.com\/wp-content\/uploads\/2025\/12\/cropped-web-Aura-Consulting-6.png","width":1121,"height":375,"caption":"Aura Consulting"},"image":{"@id":"https:\/\/aura-consulting.com\/#\/schema\/logo\/image\/"}}]}},"uagb_featured_image_src":{"full":false,"thumbnail":false,"medium":false,"medium_large":false,"large":false,"1536x1536":false,"2048x2048":false,"trp-custom-language-flag":false},"uagb_author_info":{"display_name":"aura_pzk8o00d","author_link":"https:\/\/aura-consulting.com\/en\/author\/aura_pzk8o00d\/"},"uagb_comment_info":0,"uagb_excerpt":null,"_links":{"self":[{"href":"https:\/\/aura-consulting.com\/en\/wp-json\/wp\/v2\/pages\/27","targetHints":{"allow":["GET"]}}],"collection":[{"href":"https:\/\/aura-consulting.com\/en\/wp-json\/wp\/v2\/pages"}],"about":[{"href":"https:\/\/aura-consulting.com\/en\/wp-json\/wp\/v2\/types\/page"}],"author":[{"embeddable":true,"href":"https:\/\/aura-consulting.com\/en\/wp-json\/wp\/v2\/users\/1"}],"replies":[{"embeddable":true,"href":"https:\/\/aura-consulting.com\/en\/wp-json\/wp\/v2\/comments?post=27"}],"version-history":[{"count":11,"href":"https:\/\/aura-consulting.com\/en\/wp-json\/wp\/v2\/pages\/27\/revisions"}],"predecessor-version":[{"id":484,"href":"https:\/\/aura-consulting.com\/en\/wp-json\/wp\/v2\/pages\/27\/revisions\/484"}],"wp:attachment":[{"href":"https:\/\/aura-consulting.com\/en\/wp-json\/wp\/v2\/media?parent=27"}],"curies":[{"name":"wp","href":"https:\/\/api.w.org\/{rel}","templated":true}]}}