{"id":25,"date":"2025-11-05T08:46:47","date_gmt":"2025-11-05T08:46:47","guid":{"rendered":"https:\/\/aura-consulting.com\/?page_id=25"},"modified":"2025-12-15T12:45:00","modified_gmt":"2025-12-15T12:45:00","slug":"servicios-integrales","status":"publish","type":"page","link":"https:\/\/aura-consulting.com\/en\/servicios-integrales\/","title":{"rendered":"Servicios Integrales"},"content":{"rendered":"<div class=\"wp-block-uagb-container uagb-block-c257bd08 alignfull uagb-is-root-container\"><div class=\"uagb-container-inner-blocks-wrap\">\n<div class=\"wp-block-uagb-info-box uagb-block-5c50041a uagb-infobox__content-wrap  uagb-infobox-icon-above-title uagb-infobox-image-valign-top\"><div class=\"uagb-ifb-content\"><div class=\"uagb-ifb-title-wrap\"><h5 class=\"uagb-ifb-title-prefix\">AURA CONSULTING<\/h5><div class=\"uagb-ifb-separator\"><\/div><h1 class=\"uagb-ifb-title\">SERVICIOS INTEGRALES<\/h1><\/div><\/div><\/div>\n<\/div><\/div>\n\n\n\n<div class=\"wp-block-uagb-container uagb-block-e8699361 alignfull uagb-is-root-container\"><div class=\"uagb-container-inner-blocks-wrap\">\n<div class=\"wp-block-uagb-container uagb-block-466d6313\">\n<div class=\"wp-block-uagb-advanced-heading uagb-block-2e525b29\"><p class=\"uagb-heading-text\">Contar con un asesor dentro de unos servicios integrales te permite optimizar tu tiempo, maximizar recursos y minimizar riesgos. Ofrece acompa\u00f1amiento experto, soluciones precisas y una gesti\u00f3n eficiente que aporta tranquilidad y seguridad en cada decisi\u00f3n.<\/p><\/div>\n<\/div>\n\n\n\n<div class=\"wp-block-uagb-container uagb-block-bbf4fef5\">\n<div class=\"wp-block-uagb-info-box uagb-block-54c563aa uagb-infobox__content-wrap  uagb-infobox-icon-above-title uagb-infobox-image-valign-top\"><div class=\"uagb-ifb-content\"><div class=\"uagb-ifb-title-wrap\"><h6 class=\"uagb-ifb-title-prefix\"><strong><strong>Qu\u00e9 ofrecemos<\/strong><\/strong><\/h6><div class=\"uagb-ifb-separator\"><\/div><h2 class=\"uagb-ifb-title\">Servicios Integrales<\/h2><\/div><p class=\"uagb-ifb-desc\">Ofrecen una asesor\u00eda legal integral y proactiva, abarcando desde la prevenci\u00f3n de conflictos hasta la representaci\u00f3n en litigios. Cubren m\u00faltiples \u00e1reas del derecho con un enfoque multidisciplinar, brindando a empresas y particulares un apoyo jur\u00eddico centralizado, estrat\u00e9gico y eficaz.<\/p><\/div><\/div>\n\n\n\n<div class=\"wp-block-uagb-buttons uagb-buttons__outer-wrap uagb-btn__default-btn uagb-btn-tablet__default-btn uagb-btn-mobile__default-btn uagb-block-3845a77d\"><div class=\"uagb-buttons__wrap uagb-buttons-layout-wrap\">\n<div class=\"wp-block-uagb-buttons-child uagb-buttons__outer-wrap uagb-block-44cddf7a wp-block-button\"><div class=\"uagb-button__wrapper\"><a class=\"uagb-buttons-repeater wp-block-button__link\" aria-label=\"\" href=\"#\" rel=\"follow noopener\" target=\"_self\" role=\"button\"><div class=\"uagb-button__link\">Cont\u00e1ctanos<\/div><\/a><\/div><\/div>\n<\/div><\/div>\n<\/div>\n<\/div><\/div>\n\n\n\n<div class=\"wp-block-uagb-container uagb-block-0d40ae59 default uagb-is-root-container\">\n<div class=\"wp-block-uagb-info-box uagb-block-436e94b9 uagb-infobox__content-wrap  uagb-infobox-icon-above-title uagb-infobox-image-valign-top wp-block-uagb-info-box--has-margin\"><div class=\"uagb-infobox-margin-wrapper\"><div class=\"uagb-ifb-content\"><div class=\"uagb-ifb-title-wrap\"><h6 class=\"uagb-ifb-title-prefix\">AURA CONSULTING<\/h6><div class=\"uagb-ifb-separator\"><\/div><h2 class=\"uagb-ifb-title\">Una correcta organizaci\u00f3n de tu documentaci\u00f3n, contabilidad y facturaci\u00f3n dentro de unos servicios integrales te permite prevenir fallos y penalizaciones, asegurar el buen desempe\u00f1o de tu negocio y ganar tiempo.<\/h2><\/div><p class=\"uagb-ifb-desc\">Ofrece una administraci\u00f3n clara, eficiente y segura, para que puedas enfocarte en impulsar tu actividad.<\/p><\/div><\/div><\/div>\n\n\n\n<div class=\"wp-block-uagb-advanced-heading uagb-block-d10d0217\"><h4 class=\"uagb-heading-text\">Ofrecemos un servicio integral completo de asesoramiento para tu empresa o proyecto, incluyendo:<\/h4><\/div>\n\n\n\n<div class=\"wp-block-uagb-container uagb-layout-grid uagb-block-187cd6ea alignfull uagb-is-root-container\"><div class=\"uagb-container-inner-blocks-wrap\">\n<div class=\"wp-block-uagb-icon-list uagb-block-a11c2985\"><div class=\"uagb-icon-list__wrap\">\n<div class=\"wp-block-uagb-icon-list-child uagb-block-1dc5eab5\"><span class=\"uagb-icon-list__source-wrap\"><svg xmlns=\"https:\/\/www.w3.org\/2000\/svg\" viewbox=\"0 0 512 512\"><path d=\"M256 0C114.6 0 0 114.6 0 256c0 141.4 114.6 256 256 256s256-114.6 256-256C512 114.6 397.4 0 256 0zM406.6 278.6l-103.1 103.1c-12.5 12.5-32.75 12.5-45.25 0s-12.5-32.75 0-45.25L306.8 288H128C110.3 288 96 273.7 96 256s14.31-32 32-32h178.8l-49.38-49.38c-12.5-12.5-12.5-32.75 0-45.25s32.75-12.5 45.25 0l103.1 103.1C414.6 241.3 416 251.1 416 256C416 260.9 414.6 270.7 406.6 278.6z\"><\/path><\/svg><\/span><span class=\"uagb-icon-list__label\"><strong>Gesti\u00f3n administrativa y documental<\/strong> para mantener todo en orden y al d\u00eda.<\/span><\/div>\n\n\n\n<div class=\"wp-block-uagb-icon-list-child uagb-block-96e7d69c\"><span class=\"uagb-icon-list__source-wrap\"><svg xmlns=\"https:\/\/www.w3.org\/2000\/svg\" viewbox=\"0 0 512 512\"><path d=\"M256 0C114.6 0 0 114.6 0 256c0 141.4 114.6 256 256 256s256-114.6 256-256C512 114.6 397.4 0 256 0zM406.6 278.6l-103.1 103.1c-12.5 12.5-32.75 12.5-45.25 0s-12.5-32.75 0-45.25L306.8 288H128C110.3 288 96 273.7 96 256s14.31-32 32-32h178.8l-49.38-49.38c-12.5-12.5-12.5-32.75 0-45.25s32.75-12.5 45.25 0l103.1 103.1C414.6 241.3 416 251.1 416 256C416 260.9 414.6 270.7 406.6 278.6z\"><\/path><\/svg><\/span><span class=\"uagb-icon-list__label\"><strong>Asesoramiento legal y contractual<\/strong> para garantizar operaciones seguras y bien fundamentadas.<\/span><\/div>\n\n\n\n<div class=\"wp-block-uagb-icon-list-child uagb-block-bee4abf0\"><span class=\"uagb-icon-list__source-wrap\"><svg xmlns=\"https:\/\/www.w3.org\/2000\/svg\" viewbox=\"0 0 512 512\"><path d=\"M256 0C114.6 0 0 114.6 0 256c0 141.4 114.6 256 256 256s256-114.6 256-256C512 114.6 397.4 0 256 0zM406.6 278.6l-103.1 103.1c-12.5 12.5-32.75 12.5-45.25 0s-12.5-32.75 0-45.25L306.8 288H128C110.3 288 96 273.7 96 256s14.31-32 32-32h178.8l-49.38-49.38c-12.5-12.5-12.5-32.75 0-45.25s32.75-12.5 45.25 0l103.1 103.1C414.6 241.3 416 251.1 416 256C416 260.9 414.6 270.7 406.6 278.6z\"><\/path><\/svg><\/span><span class=\"uagb-icon-list__label\"><strong>Organizaci\u00f3n contable y financiera<\/strong> para una administraci\u00f3n clara y eficiente.<\/span><\/div>\n<\/div><\/div>\n\n\n\n<div class=\"wp-block-uagb-icon-list uagb-block-55571a07\"><div class=\"uagb-icon-list__wrap\">\n<div class=\"wp-block-uagb-icon-list-child uagb-block-089bb24d\"><span class=\"uagb-icon-list__source-wrap\"><svg xmlns=\"https:\/\/www.w3.org\/2000\/svg\" viewbox=\"0 0 512 512\"><path d=\"M256 0C114.6 0 0 114.6 0 256c0 141.4 114.6 256 256 256s256-114.6 256-256C512 114.6 397.4 0 256 0zM406.6 278.6l-103.1 103.1c-12.5 12.5-32.75 12.5-45.25 0s-12.5-32.75 0-45.25L306.8 288H128C110.3 288 96 273.7 96 256s14.31-32 32-32h178.8l-49.38-49.38c-12.5-12.5-12.5-32.75 0-45.25s32.75-12.5 45.25 0l103.1 103.1C414.6 241.3 416 251.1 416 256C416 260.9 414.6 270.7 406.6 278.6z\"><\/path><\/svg><\/span><span class=\"uagb-icon-list__label\"><strong>Planificaci\u00f3n estrat\u00e9gica<\/strong> para impulsar el crecimiento y la toma de decisiones.<\/span><\/div>\n\n\n\n<div class=\"wp-block-uagb-icon-list-child uagb-block-d0722947\"><span class=\"uagb-icon-list__source-wrap\"><svg xmlns=\"https:\/\/www.w3.org\/2000\/svg\" viewbox=\"0 0 512 512\"><path d=\"M256 0C114.6 0 0 114.6 0 256c0 141.4 114.6 256 256 256s256-114.6 256-256C512 114.6 397.4 0 256 0zM406.6 278.6l-103.1 103.1c-12.5 12.5-32.75 12.5-45.25 0s-12.5-32.75 0-45.25L306.8 288H128C110.3 288 96 273.7 96 256s14.31-32 32-32h178.8l-49.38-49.38c-12.5-12.5-12.5-32.75 0-45.25s32.75-12.5 45.25 0l103.1 103.1C414.6 241.3 416 251.1 416 256C416 260.9 414.6 270.7 406.6 278.6z\"><\/path><\/svg><\/span><span class=\"uagb-icon-list__label\"><strong>Cumplimiento normativo<\/strong> para evitar riesgos y sanciones.<\/span><\/div>\n\n\n\n<div class=\"wp-block-uagb-icon-list-child uagb-block-5b788db8\"><span class=\"uagb-icon-list__source-wrap\"><svg xmlns=\"https:\/\/www.w3.org\/2000\/svg\" viewbox=\"0 0 512 512\"><path d=\"M256 0C114.6 0 0 114.6 0 256c0 141.4 114.6 256 256 256s256-114.6 256-256C512 114.6 397.4 0 256 0zM406.6 278.6l-103.1 103.1c-12.5 12.5-32.75 12.5-45.25 0s-12.5-32.75 0-45.25L306.8 288H128C110.3 288 96 273.7 96 256s14.31-32 32-32h178.8l-49.38-49.38c-12.5-12.5-12.5-32.75 0-45.25s32.75-12.5 45.25 0l103.1 103.1C414.6 241.3 416 251.1 416 256C416 260.9 414.6 270.7 406.6 278.6z\"><\/path><\/svg><\/span><span class=\"uagb-icon-list__label\"><strong>Acompa\u00f1amiento personalizado<\/strong> para resolver dudas, optimizar procesos y mejorar resultados.<\/span><\/div>\n<\/div><\/div>\n<\/div><\/div>\n<\/div>","protected":false},"excerpt":{"rendered":"<p>Contar con un asesor dentro de unos servicios integrales te permite optimizar tu tiempo, maximizar recursos y minimizar riesgos. Ofrece [&hellip;]<\/p>\n","protected":false},"author":1,"featured_media":0,"parent":0,"menu_order":0,"comment_status":"closed","ping_status":"closed","template":"","meta":{"_uag_custom_page_level_css":"","site-sidebar-layout":"default","site-content-layout":"","ast-site-content-layout":"default","site-content-style":"default","site-sidebar-style":"default","ast-global-header-display":"","ast-banner-title-visibility":"","ast-main-header-display":"","ast-hfb-above-header-display":"","ast-hfb-below-header-display":"","ast-hfb-mobile-header-display":"","site-post-title":"disabled","ast-breadcrumbs-content":"","ast-featured-img":"","footer-sml-layout":"","ast-disable-related-posts":"","theme-transparent-header-meta":"","adv-header-id-meta":"","stick-header-meta":"","header-above-stick-meta":"","header-main-stick-meta":"","header-below-stick-meta":"","astra-migrate-meta-layouts":"default","ast-page-background-enabled":"default","ast-page-background-meta":{"desktop":{"background-color":"var(--ast-global-color-5)","background-image":"","background-repeat":"repeat","background-position":"center center","background-size":"auto","background-attachment":"scroll","background-type":"","background-media":"","overlay-type":"","overlay-color":"","overlay-opacity":"","overlay-gradient":""},"tablet":{"background-color":"","background-image":"","background-repeat":"repeat","background-position":"center center","background-size":"auto","background-attachment":"scroll","background-type":"","background-media":"","overlay-type":"","overlay-color":"","overlay-opacity":"","overlay-gradient":""},"mobile":{"background-color":"","background-image":"","background-repeat":"repeat","background-position":"center center","background-size":"auto","background-attachment":"scroll","background-type":"","background-media":"","overlay-type":"","overlay-color":"","overlay-opacity":"","overlay-gradient":""}},"ast-content-background-meta":{"desktop":{"background-color":"var(--ast-global-color-4)","background-image":"","background-repeat":"repeat","background-position":"center center","background-size":"auto","background-attachment":"scroll","background-type":"","background-media":"","overlay-type":"","overlay-color":"","overlay-opacity":"","overlay-gradient":""},"tablet":{"background-color":"var(--ast-global-color-4)","background-image":"","background-repeat":"repeat","background-position":"center center","background-size":"auto","background-attachment":"scroll","background-type":"","background-media":"","overlay-type":"","overlay-color":"","overlay-opacity":"","overlay-gradient":""},"mobile":{"background-color":"var(--ast-global-color-4)","background-image":"","background-repeat":"repeat","background-position":"center center","background-size":"auto","background-attachment":"scroll","background-type":"","background-media":"","overlay-type":"","overlay-color":"","overlay-opacity":"","overlay-gradient":""}},"footnotes":""},"class_list":["post-25","page","type-page","status-publish","hentry"],"yoast_head":"<!-- This site is optimized with the Yoast SEO plugin v27.1.1 - https:\/\/yoast.com\/product\/yoast-seo-wordpress\/ -->\n<title>Servicios Integrales | Aura Consulting<\/title>\n<meta name=\"description\" content=\"Servicios integrales de asesor\u00eda fiscal, laboral y contable para optimizar la gesti\u00f3n de su empresa.\" \/>\n<meta name=\"robots\" content=\"index, follow, max-snippet:-1, max-image-preview:large, max-video-preview:-1\" \/>\n<link rel=\"canonical\" href=\"https:\/\/aura-consulting.com\/en\/servicios-integrales\/\" \/>\n<meta property=\"og:locale\" content=\"en_GB\" \/>\n<meta property=\"og:type\" content=\"article\" \/>\n<meta property=\"og:title\" content=\"Servicios Integrales | Aura Consulting\" \/>\n<meta property=\"og:description\" content=\"Servicios integrales de asesor\u00eda fiscal, laboral y contable para optimizar la gesti\u00f3n de su empresa.\" \/>\n<meta property=\"og:url\" content=\"https:\/\/aura-consulting.com\/en\/servicios-integrales\/\" \/>\n<meta property=\"article:modified_time\" content=\"2025-12-15T12:45:00+00:00\" \/>\n<meta name=\"twitter:card\" content=\"summary_large_image\" \/>\n<meta name=\"twitter:label1\" content=\"Estimated reading time\" \/>\n\t<meta name=\"twitter:data1\" content=\"1 minute\" \/>\n<script type=\"application\/ld+json\" class=\"yoast-schema-graph\">{\"@context\":\"https:\/\/schema.org\",\"@graph\":[{\"@type\":\"WebPage\",\"@id\":\"https:\/\/aura-consulting.com\/servicios-integrales\/\",\"url\":\"https:\/\/aura-consulting.com\/servicios-integrales\/\",\"name\":\"Servicios Integrales | Aura Consulting\",\"isPartOf\":{\"@id\":\"https:\/\/aura-consulting.com\/#website\"},\"datePublished\":\"2025-11-05T08:46:47+00:00\",\"dateModified\":\"2025-12-15T12:45:00+00:00\",\"description\":\"Servicios integrales de asesor\u00eda fiscal, laboral y contable para optimizar la gesti\u00f3n de su empresa.\",\"breadcrumb\":{\"@id\":\"https:\/\/aura-consulting.com\/servicios-integrales\/#breadcrumb\"},\"inLanguage\":\"en-GB\",\"potentialAction\":[{\"@type\":\"ReadAction\",\"target\":[\"https:\/\/aura-consulting.com\/servicios-integrales\/\"]}]},{\"@type\":\"BreadcrumbList\",\"@id\":\"https:\/\/aura-consulting.com\/servicios-integrales\/#breadcrumb\",\"itemListElement\":[{\"@type\":\"ListItem\",\"position\":1,\"name\":\"Portada\",\"item\":\"https:\/\/aura-consulting.com\/\"},{\"@type\":\"ListItem\",\"position\":2,\"name\":\"Servicios Integrales\"}]},{\"@type\":\"WebSite\",\"@id\":\"https:\/\/aura-consulting.com\/#website\",\"url\":\"https:\/\/aura-consulting.com\/\",\"name\":\"https:\/\/aura-consulting.com\/\",\"description\":\"Just another WordPress site\",\"publisher\":{\"@id\":\"https:\/\/aura-consulting.com\/#organization\"},\"potentialAction\":[{\"@type\":\"SearchAction\",\"target\":{\"@type\":\"EntryPoint\",\"urlTemplate\":\"https:\/\/aura-consulting.com\/?s={search_term_string}\"},\"query-input\":{\"@type\":\"PropertyValueSpecification\",\"valueRequired\":true,\"valueName\":\"search_term_string\"}}],\"inLanguage\":\"en-GB\"},{\"@type\":\"Organization\",\"@id\":\"https:\/\/aura-consulting.com\/#organization\",\"name\":\"Aura Consulting\",\"url\":\"https:\/\/aura-consulting.com\/\",\"logo\":{\"@type\":\"ImageObject\",\"inLanguage\":\"en-GB\",\"@id\":\"https:\/\/aura-consulting.com\/#\/schema\/logo\/image\/\",\"url\":\"https:\/\/aura-consulting.com\/wp-content\/uploads\/2025\/12\/cropped-web-Aura-Consulting-6.png\",\"contentUrl\":\"https:\/\/aura-consulting.com\/wp-content\/uploads\/2025\/12\/cropped-web-Aura-Consulting-6.png\",\"width\":1121,\"height\":375,\"caption\":\"Aura Consulting\"},\"image\":{\"@id\":\"https:\/\/aura-consulting.com\/#\/schema\/logo\/image\/\"}}]}<\/script>\n<!-- \/ Yoast SEO plugin. -->","yoast_head_json":{"title":"Servicios Integrales | Aura Consulting","description":"Servicios integrales de asesor\u00eda fiscal, laboral y contable para optimizar la gesti\u00f3n de su empresa.","robots":{"index":"index","follow":"follow","max-snippet":"max-snippet:-1","max-image-preview":"max-image-preview:large","max-video-preview":"max-video-preview:-1"},"canonical":"https:\/\/aura-consulting.com\/en\/servicios-integrales\/","og_locale":"en_GB","og_type":"article","og_title":"Servicios Integrales | Aura Consulting","og_description":"Servicios integrales de asesor\u00eda fiscal, laboral y contable para optimizar la gesti\u00f3n de su empresa.","og_url":"https:\/\/aura-consulting.com\/en\/servicios-integrales\/","article_modified_time":"2025-12-15T12:45:00+00:00","twitter_card":"summary_large_image","twitter_misc":{"Estimated reading time":"1 minute"},"schema":{"@context":"https:\/\/schema.org","@graph":[{"@type":"WebPage","@id":"https:\/\/aura-consulting.com\/servicios-integrales\/","url":"https:\/\/aura-consulting.com\/servicios-integrales\/","name":"Servicios Integrales | Aura Consulting","isPartOf":{"@id":"https:\/\/aura-consulting.com\/#website"},"datePublished":"2025-11-05T08:46:47+00:00","dateModified":"2025-12-15T12:45:00+00:00","description":"Servicios integrales de asesor\u00eda fiscal, laboral y contable para optimizar la gesti\u00f3n de su empresa.","breadcrumb":{"@id":"https:\/\/aura-consulting.com\/servicios-integrales\/#breadcrumb"},"inLanguage":"en-GB","potentialAction":[{"@type":"ReadAction","target":["https:\/\/aura-consulting.com\/servicios-integrales\/"]}]},{"@type":"BreadcrumbList","@id":"https:\/\/aura-consulting.com\/servicios-integrales\/#breadcrumb","itemListElement":[{"@type":"ListItem","position":1,"name":"Portada","item":"https:\/\/aura-consulting.com\/"},{"@type":"ListItem","position":2,"name":"Servicios Integrales"}]},{"@type":"WebSite","@id":"https:\/\/aura-consulting.com\/#website","url":"https:\/\/aura-consulting.com\/","name":"https:\/\/aura-consulting.com\/","description":"Just another WordPress site","publisher":{"@id":"https:\/\/aura-consulting.com\/#organization"},"potentialAction":[{"@type":"SearchAction","target":{"@type":"EntryPoint","urlTemplate":"https:\/\/aura-consulting.com\/?s={search_term_string}"},"query-input":{"@type":"PropertyValueSpecification","valueRequired":true,"valueName":"search_term_string"}}],"inLanguage":"en-GB"},{"@type":"Organization","@id":"https:\/\/aura-consulting.com\/#organization","name":"Aura Consulting","url":"https:\/\/aura-consulting.com\/","logo":{"@type":"ImageObject","inLanguage":"en-GB","@id":"https:\/\/aura-consulting.com\/#\/schema\/logo\/image\/","url":"https:\/\/aura-consulting.com\/wp-content\/uploads\/2025\/12\/cropped-web-Aura-Consulting-6.png","contentUrl":"https:\/\/aura-consulting.com\/wp-content\/uploads\/2025\/12\/cropped-web-Aura-Consulting-6.png","width":1121,"height":375,"caption":"Aura Consulting"},"image":{"@id":"https:\/\/aura-consulting.com\/#\/schema\/logo\/image\/"}}]}},"uagb_featured_image_src":{"full":false,"thumbnail":false,"medium":false,"medium_large":false,"large":false,"1536x1536":false,"2048x2048":false,"trp-custom-language-flag":false},"uagb_author_info":{"display_name":"aura_pzk8o00d","author_link":"https:\/\/aura-consulting.com\/en\/author\/aura_pzk8o00d\/"},"uagb_comment_info":0,"uagb_excerpt":"Contar con un asesor dentro de unos servicios integrales te permite optimizar tu tiempo, maximizar recursos y minimizar riesgos. Ofrece [&hellip;]","_links":{"self":[{"href":"https:\/\/aura-consulting.com\/en\/wp-json\/wp\/v2\/pages\/25","targetHints":{"allow":["GET"]}}],"collection":[{"href":"https:\/\/aura-consulting.com\/en\/wp-json\/wp\/v2\/pages"}],"about":[{"href":"https:\/\/aura-consulting.com\/en\/wp-json\/wp\/v2\/types\/page"}],"author":[{"embeddable":true,"href":"https:\/\/aura-consulting.com\/en\/wp-json\/wp\/v2\/users\/1"}],"replies":[{"embeddable":true,"href":"https:\/\/aura-consulting.com\/en\/wp-json\/wp\/v2\/comments?post=25"}],"version-history":[{"count":4,"href":"https:\/\/aura-consulting.com\/en\/wp-json\/wp\/v2\/pages\/25\/revisions"}],"predecessor-version":[{"id":489,"href":"https:\/\/aura-consulting.com\/en\/wp-json\/wp\/v2\/pages\/25\/revisions\/489"}],"wp:attachment":[{"href":"https:\/\/aura-consulting.com\/en\/wp-json\/wp\/v2\/media?parent=25"}],"curies":[{"name":"wp","href":"https:\/\/api.w.org\/{rel}","templated":true}]}}