{"id":13,"date":"2025-11-05T08:44:19","date_gmt":"2025-11-05T08:44:19","guid":{"rendered":"https:\/\/aura-consulting.com\/?page_id=13"},"modified":"2025-12-15T15:06:44","modified_gmt":"2025-12-15T15:06:44","slug":"sobre-nosotros","status":"publish","type":"page","link":"https:\/\/aura-consulting.com\/en\/sobre-nosotros\/","title":{"rendered":"Sobre Nosotros"},"content":{"rendered":"<div class=\"wp-block-uagb-container uagb-block-2aa61ec7 alignfull uagb-is-root-container\"><div class=\"uagb-container-inner-blocks-wrap\">\n<div class=\"wp-block-uagb-info-box uagb-block-5c50041a uagb-infobox__content-wrap  uagb-infobox-icon-above-title uagb-infobox-image-valign-top\"><div class=\"uagb-ifb-content\"><div class=\"uagb-ifb-title-wrap\"><h6 class=\"uagb-ifb-title-prefix\">AURA CONSULTING<\/h6><div class=\"uagb-ifb-separator\"><\/div><h1 class=\"uagb-ifb-title\">Sobre Nosotros<\/h1><\/div><\/div><\/div>\n<\/div><\/div>\n\n\n\n<div class=\"wp-block-uagb-container uagb-block-f9511ac8 alignfull uagb-is-root-container\"><div class=\"uagb-container-inner-blocks-wrap\">\n<div class=\"wp-block-uagb-container uagb-block-489cf633\">\n<div class=\"wp-block-uagb-advanced-heading uagb-block-91a5d05c\"><h6 class=\"uagb-heading-text\"><strong>Expertos en asesor\u00eda fiscal, laboral y contable comprometidos con el crecimiento de su empresa.<\/strong><br><\/h6><div class=\"uagb-separator\"><\/div><\/div>\n\n\n\n<div class=\"wp-block-uagb-icon-list uagb-block-e5e06c44\"><div class=\"uagb-icon-list__wrap\">\n<div class=\"wp-block-uagb-icon-list-child uagb-block-b0d7fee7\"><span class=\"uagb-icon-list__source-wrap\"><svg xmlns=\"https:\/\/www.w3.org\/2000\/svg\" viewbox=\"0 0 512 512\"><path d=\"M512 256C512 397.4 397.4 512 256 512C114.6 512 0 397.4 0 256C0 114.6 114.6 0 256 0C397.4 0 512 114.6 512 256z\"><\/path><\/svg><\/span><span class=\"uagb-icon-list__label\">Asesor\u00eda integral con m\u00e1s de 15 a\u00f1os de experiencia apoyando a empresas y aut\u00f3nomos.<\/span><\/div>\n\n\n\n<div class=\"wp-block-uagb-icon-list-child uagb-block-f6c58f3b\"><span class=\"uagb-icon-list__source-wrap\"><svg xmlns=\"https:\/\/www.w3.org\/2000\/svg\" viewbox=\"0 0 512 512\"><path d=\"M512 256C512 397.4 397.4 512 256 512C114.6 512 0 397.4 0 256C0 114.6 114.6 0 256 0C397.4 0 512 114.6 512 256z\"><\/path><\/svg><\/span><span class=\"uagb-icon-list__label\">Equipo de profesionales dedicados a ofrecer soluciones fiscales, laborales y contables efectivas.<\/span><\/div>\n\n\n\n<div class=\"wp-block-uagb-icon-list-child uagb-block-829db8cd\"><span class=\"uagb-icon-list__source-wrap\"><svg xmlns=\"https:\/\/www.w3.org\/2000\/svg\" viewbox=\"0 0 512 512\"><path d=\"M512 256C512 397.4 397.4 512 256 512C114.6 512 0 397.4 0 256C0 114.6 114.6 0 256 0C397.4 0 512 114.6 512 256z\"><\/path><\/svg><\/span><span class=\"uagb-icon-list__label\">Comprometidos con el \u00e9xito de su negocio mediante asesoramiento personalizado y confiable.<\/span><\/div>\n\n\n\n<div class=\"wp-block-uagb-icon-list-child uagb-block-a5f7edbe\"><span class=\"uagb-icon-list__source-wrap\"><svg xmlns=\"https:\/\/www.w3.org\/2000\/svg\" viewbox=\"0 0 512 512\"><path d=\"M512 256C512 397.4 397.4 512 256 512C114.6 512 0 397.4 0 256C0 114.6 114.6 0 256 0C397.4 0 512 114.6 512 256z\"><\/path><\/svg><\/span><span class=\"uagb-icon-list__label\">Expertos que combinan experiencia y cercan\u00eda para optimizar la gesti\u00f3n de su empresa.<\/span><\/div>\n\n\n\n<div class=\"wp-block-uagb-icon-list-child uagb-block-400b221f\"><span class=\"uagb-icon-list__source-wrap\"><svg xmlns=\"https:\/\/www.w3.org\/2000\/svg\" viewbox=\"0 0 512 512\"><path d=\"M512 256C512 397.4 397.4 512 256 512C114.6 512 0 397.4 0 256C0 114.6 114.6 0 256 0C397.4 0 512 114.6 512 256z\"><\/path><\/svg><\/span><span class=\"uagb-icon-list__label\">Brindamos tranquilidad a empresas y aut\u00f3nomos con asesoramiento profesional y estrat\u00e9gico.<\/span><\/div>\n<\/div><\/div>\n<\/div>\n\n\n\n<div class=\"wp-block-uagb-container uagb-block-5e85cf4d\"><\/div>\n<\/div><\/div>\n\n\n\n<div class=\"wp-block-uagb-container uagb-block-46055c88 alignfull uagb-is-root-container\"><div class=\"uagb-container-inner-blocks-wrap\">\n<div class=\"wp-block-uagb-container uagb-block-596698f1\">\n<div class=\"wp-block-uagb-advanced-heading uagb-block-6a9dbd87\"><h2 class=\"uagb-heading-text\"><strong>Asesoramiento inicial sin compromiso para empresas y aut\u00f3nomos.<\/strong><\/h2><\/div>\n\n\n\n<div class=\"wp-block-uagb-buttons uagb-buttons__outer-wrap uagb-btn__default-btn uagb-btn-tablet__default-btn uagb-btn-mobile__default-btn uagb-block-600b29f0\"><div class=\"uagb-buttons__wrap uagb-buttons-layout-wrap\">\n<div class=\"wp-block-uagb-buttons-child uagb-buttons__outer-wrap uagb-block-c5867932 wp-block-button\"><div class=\"uagb-button__wrapper\"><a class=\"uagb-buttons-repeater wp-block-button__link\" aria-label=\"\" href=\"#\" rel=\"follow noopener\" target=\"_self\" role=\"button\"><div class=\"uagb-button__link\">Ll\u00e1manos: 915 019 675<\/div><\/a><\/div><\/div>\n<\/div><\/div>\n<\/div>\n<\/div><\/div>","protected":false},"excerpt":{"rendered":"<p>Expertos en asesor\u00eda fiscal, laboral y contable comprometidos con el crecimiento de su empresa. Asesoramiento inicial sin compromiso para empresas [&hellip;]<\/p>\n","protected":false},"author":1,"featured_media":0,"parent":0,"menu_order":0,"comment_status":"closed","ping_status":"closed","template":"","meta":{"_uag_custom_page_level_css":"","site-sidebar-layout":"default","site-content-layout":"","ast-site-content-layout":"default","site-content-style":"default","site-sidebar-style":"default","ast-global-header-display":"","ast-banner-title-visibility":"","ast-main-header-display":"","ast-hfb-above-header-display":"","ast-hfb-below-header-display":"","ast-hfb-mobile-header-display":"","site-post-title":"disabled","ast-breadcrumbs-content":"","ast-featured-img":"","footer-sml-layout":"","ast-disable-related-posts":"","theme-transparent-header-meta":"","adv-header-id-meta":"","stick-header-meta":"","header-above-stick-meta":"","header-main-stick-meta":"","header-below-stick-meta":"","astra-migrate-meta-layouts":"default","ast-page-background-enabled":"default","ast-page-background-meta":{"desktop":{"background-color":"var(--ast-global-color-5)","background-image":"","background-repeat":"repeat","background-position":"center center","background-size":"auto","background-attachment":"scroll","background-type":"","background-media":"","overlay-type":"","overlay-color":"","overlay-opacity":"","overlay-gradient":""},"tablet":{"background-color":"","background-image":"","background-repeat":"repeat","background-position":"center center","background-size":"auto","background-attachment":"scroll","background-type":"","background-media":"","overlay-type":"","overlay-color":"","overlay-opacity":"","overlay-gradient":""},"mobile":{"background-color":"","background-image":"","background-repeat":"repeat","background-position":"center center","background-size":"auto","background-attachment":"scroll","background-type":"","background-media":"","overlay-type":"","overlay-color":"","overlay-opacity":"","overlay-gradient":""}},"ast-content-background-meta":{"desktop":{"background-color":"var(--ast-global-color-4)","background-image":"","background-repeat":"repeat","background-position":"center center","background-size":"auto","background-attachment":"scroll","background-type":"","background-media":"","overlay-type":"","overlay-color":"","overlay-opacity":"","overlay-gradient":""},"tablet":{"background-color":"var(--ast-global-color-4)","background-image":"","background-repeat":"repeat","background-position":"center center","background-size":"auto","background-attachment":"scroll","background-type":"","background-media":"","overlay-type":"","overlay-color":"","overlay-opacity":"","overlay-gradient":""},"mobile":{"background-color":"var(--ast-global-color-4)","background-image":"","background-repeat":"repeat","background-position":"center center","background-size":"auto","background-attachment":"scroll","background-type":"","background-media":"","overlay-type":"","overlay-color":"","overlay-opacity":"","overlay-gradient":""}},"footnotes":""},"class_list":["post-13","page","type-page","status-publish","hentry"],"yoast_head":"<!-- This site is optimized with the Yoast SEO plugin v27.1.1 - https:\/\/yoast.com\/product\/yoast-seo-wordpress\/ -->\n<title>Sobre nosotros | Aura Consulting<\/title>\n<meta name=\"description\" content=\"Expertos en asesor\u00eda fiscal, laboral y contable comprometidos con el crecimiento de su empresa.\" \/>\n<meta name=\"robots\" content=\"index, follow, max-snippet:-1, max-image-preview:large, max-video-preview:-1\" \/>\n<link rel=\"canonical\" href=\"https:\/\/aura-consulting.com\/en\/sobre-nosotros\/\" \/>\n<meta property=\"og:locale\" content=\"en_GB\" \/>\n<meta property=\"og:type\" content=\"article\" \/>\n<meta property=\"og:title\" content=\"Sobre nosotros | Aura Consulting\" \/>\n<meta property=\"og:description\" content=\"Expertos en asesor\u00eda fiscal, laboral y contable comprometidos con el crecimiento de su empresa.\" \/>\n<meta property=\"og:url\" content=\"https:\/\/aura-consulting.com\/en\/sobre-nosotros\/\" \/>\n<meta property=\"article:modified_time\" content=\"2025-12-15T15:06:44+00:00\" \/>\n<meta name=\"twitter:card\" content=\"summary_large_image\" \/>\n<meta name=\"twitter:label1\" content=\"Estimated reading time\" \/>\n\t<meta name=\"twitter:data1\" content=\"1 minute\" \/>\n<script type=\"application\/ld+json\" class=\"yoast-schema-graph\">{\"@context\":\"https:\/\/schema.org\",\"@graph\":[{\"@type\":\"WebPage\",\"@id\":\"https:\/\/aura-consulting.com\/sobre-nosotros\/\",\"url\":\"https:\/\/aura-consulting.com\/sobre-nosotros\/\",\"name\":\"Sobre nosotros | Aura Consulting\",\"isPartOf\":{\"@id\":\"https:\/\/aura-consulting.com\/#website\"},\"datePublished\":\"2025-11-05T08:44:19+00:00\",\"dateModified\":\"2025-12-15T15:06:44+00:00\",\"description\":\"Expertos en asesor\u00eda fiscal, laboral y contable comprometidos con el crecimiento de su empresa.\",\"breadcrumb\":{\"@id\":\"https:\/\/aura-consulting.com\/sobre-nosotros\/#breadcrumb\"},\"inLanguage\":\"en-GB\",\"potentialAction\":[{\"@type\":\"ReadAction\",\"target\":[\"https:\/\/aura-consulting.com\/sobre-nosotros\/\"]}]},{\"@type\":\"BreadcrumbList\",\"@id\":\"https:\/\/aura-consulting.com\/sobre-nosotros\/#breadcrumb\",\"itemListElement\":[{\"@type\":\"ListItem\",\"position\":1,\"name\":\"Portada\",\"item\":\"https:\/\/aura-consulting.com\/\"},{\"@type\":\"ListItem\",\"position\":2,\"name\":\"Sobre Nosotros\"}]},{\"@type\":\"WebSite\",\"@id\":\"https:\/\/aura-consulting.com\/#website\",\"url\":\"https:\/\/aura-consulting.com\/\",\"name\":\"https:\/\/aura-consulting.com\/\",\"description\":\"Just another WordPress site\",\"publisher\":{\"@id\":\"https:\/\/aura-consulting.com\/#organization\"},\"potentialAction\":[{\"@type\":\"SearchAction\",\"target\":{\"@type\":\"EntryPoint\",\"urlTemplate\":\"https:\/\/aura-consulting.com\/?s={search_term_string}\"},\"query-input\":{\"@type\":\"PropertyValueSpecification\",\"valueRequired\":true,\"valueName\":\"search_term_string\"}}],\"inLanguage\":\"en-GB\"},{\"@type\":\"Organization\",\"@id\":\"https:\/\/aura-consulting.com\/#organization\",\"name\":\"Aura Consulting\",\"url\":\"https:\/\/aura-consulting.com\/\",\"logo\":{\"@type\":\"ImageObject\",\"inLanguage\":\"en-GB\",\"@id\":\"https:\/\/aura-consulting.com\/#\/schema\/logo\/image\/\",\"url\":\"https:\/\/aura-consulting.com\/wp-content\/uploads\/2025\/12\/cropped-web-Aura-Consulting-6.png\",\"contentUrl\":\"https:\/\/aura-consulting.com\/wp-content\/uploads\/2025\/12\/cropped-web-Aura-Consulting-6.png\",\"width\":1121,\"height\":375,\"caption\":\"Aura Consulting\"},\"image\":{\"@id\":\"https:\/\/aura-consulting.com\/#\/schema\/logo\/image\/\"}}]}<\/script>\n<!-- \/ Yoast SEO plugin. -->","yoast_head_json":{"title":"Sobre nosotros | Aura Consulting","description":"Expertos en asesor\u00eda fiscal, laboral y contable comprometidos con el crecimiento de su empresa.","robots":{"index":"index","follow":"follow","max-snippet":"max-snippet:-1","max-image-preview":"max-image-preview:large","max-video-preview":"max-video-preview:-1"},"canonical":"https:\/\/aura-consulting.com\/en\/sobre-nosotros\/","og_locale":"en_GB","og_type":"article","og_title":"Sobre nosotros | Aura Consulting","og_description":"Expertos en asesor\u00eda fiscal, laboral y contable comprometidos con el crecimiento de su empresa.","og_url":"https:\/\/aura-consulting.com\/en\/sobre-nosotros\/","article_modified_time":"2025-12-15T15:06:44+00:00","twitter_card":"summary_large_image","twitter_misc":{"Estimated reading time":"1 minute"},"schema":{"@context":"https:\/\/schema.org","@graph":[{"@type":"WebPage","@id":"https:\/\/aura-consulting.com\/sobre-nosotros\/","url":"https:\/\/aura-consulting.com\/sobre-nosotros\/","name":"Sobre nosotros | Aura Consulting","isPartOf":{"@id":"https:\/\/aura-consulting.com\/#website"},"datePublished":"2025-11-05T08:44:19+00:00","dateModified":"2025-12-15T15:06:44+00:00","description":"Expertos en asesor\u00eda fiscal, laboral y contable comprometidos con el crecimiento de su empresa.","breadcrumb":{"@id":"https:\/\/aura-consulting.com\/sobre-nosotros\/#breadcrumb"},"inLanguage":"en-GB","potentialAction":[{"@type":"ReadAction","target":["https:\/\/aura-consulting.com\/sobre-nosotros\/"]}]},{"@type":"BreadcrumbList","@id":"https:\/\/aura-consulting.com\/sobre-nosotros\/#breadcrumb","itemListElement":[{"@type":"ListItem","position":1,"name":"Portada","item":"https:\/\/aura-consulting.com\/"},{"@type":"ListItem","position":2,"name":"Sobre Nosotros"}]},{"@type":"WebSite","@id":"https:\/\/aura-consulting.com\/#website","url":"https:\/\/aura-consulting.com\/","name":"https:\/\/aura-consulting.com\/","description":"Just another WordPress site","publisher":{"@id":"https:\/\/aura-consulting.com\/#organization"},"potentialAction":[{"@type":"SearchAction","target":{"@type":"EntryPoint","urlTemplate":"https:\/\/aura-consulting.com\/?s={search_term_string}"},"query-input":{"@type":"PropertyValueSpecification","valueRequired":true,"valueName":"search_term_string"}}],"inLanguage":"en-GB"},{"@type":"Organization","@id":"https:\/\/aura-consulting.com\/#organization","name":"Aura Consulting","url":"https:\/\/aura-consulting.com\/","logo":{"@type":"ImageObject","inLanguage":"en-GB","@id":"https:\/\/aura-consulting.com\/#\/schema\/logo\/image\/","url":"https:\/\/aura-consulting.com\/wp-content\/uploads\/2025\/12\/cropped-web-Aura-Consulting-6.png","contentUrl":"https:\/\/aura-consulting.com\/wp-content\/uploads\/2025\/12\/cropped-web-Aura-Consulting-6.png","width":1121,"height":375,"caption":"Aura Consulting"},"image":{"@id":"https:\/\/aura-consulting.com\/#\/schema\/logo\/image\/"}}]}},"uagb_featured_image_src":{"full":false,"thumbnail":false,"medium":false,"medium_large":false,"large":false,"1536x1536":false,"2048x2048":false,"trp-custom-language-flag":false},"uagb_author_info":{"display_name":"aura_pzk8o00d","author_link":"https:\/\/aura-consulting.com\/en\/author\/aura_pzk8o00d\/"},"uagb_comment_info":0,"uagb_excerpt":"Expertos en asesor\u00eda fiscal, laboral y contable comprometidos con el crecimiento de su empresa. Asesoramiento inicial sin compromiso para empresas [&hellip;]","_links":{"self":[{"href":"https:\/\/aura-consulting.com\/en\/wp-json\/wp\/v2\/pages\/13","targetHints":{"allow":["GET"]}}],"collection":[{"href":"https:\/\/aura-consulting.com\/en\/wp-json\/wp\/v2\/pages"}],"about":[{"href":"https:\/\/aura-consulting.com\/en\/wp-json\/wp\/v2\/types\/page"}],"author":[{"embeddable":true,"href":"https:\/\/aura-consulting.com\/en\/wp-json\/wp\/v2\/users\/1"}],"replies":[{"embeddable":true,"href":"https:\/\/aura-consulting.com\/en\/wp-json\/wp\/v2\/comments?post=13"}],"version-history":[{"count":12,"href":"https:\/\/aura-consulting.com\/en\/wp-json\/wp\/v2\/pages\/13\/revisions"}],"predecessor-version":[{"id":520,"href":"https:\/\/aura-consulting.com\/en\/wp-json\/wp\/v2\/pages\/13\/revisions\/520"}],"wp:attachment":[{"href":"https:\/\/aura-consulting.com\/en\/wp-json\/wp\/v2\/media?parent=13"}],"curies":[{"name":"wp","href":"https:\/\/api.w.org\/{rel}","templated":true}]}}